{"id":4468,"date":"2020-03-18T10:30:49","date_gmt":"2020-03-18T10:30:49","guid":{"rendered":"https:\/\/spanishworldgroup.com\/hk\/?page_id=4468"},"modified":"2021-02-09T14:51:38","modified_gmt":"2021-02-09T06:51:38","slug":"online-exams","status":"publish","type":"page","link":"https:\/\/spanishworldgroup.com\/hk\/online-exams\/","title":{"rendered":"Online Exams"},"content":{"rendered":"<p>[vc_row][vc_column][vc_column_text]<\/p>\n<h2>Online Exams<\/h2>\n<ul>\n<li><a href=\"https:\/\/spanishworldgroup.com\/hk\/exam-a1\/\">A1 &#8211; M<span style=\"font-weight: 400;\">\u00f3<\/span>dulo 1 &#8211; Adultos<\/a><\/li>\n<li><a href=\"https:\/\/spanishworldgroup.com\/hk\/exam-l2-curso2\/\">L2- Curso 2<\/a><\/li>\n<li><a href=\"https:\/\/spanishworldgroup.com\/hk\/exam-l2-curso3\/\">L3 &#8211; Curso 3<\/a><\/li>\n<li><a href=\"https:\/\/spanishworldgroup.com\/hk\/exam-ta1-m1\/\">TA1 &#8211; M<span style=\"font-weight: 400;\">\u00f3<\/span>dulo 1 (escrita, oral)<\/a><\/li>\n<li><a href=\"https:\/\/spanishworldgroup.com\/hk\/exam-ta1-m2\/\">TA1 &#8211; M<span style=\"font-weight: 400;\">\u00f3dulo 2<\/span><\/a><\/li>\n<li><a href=\"https:\/\/spanishworldgroup.com\/hk\/exam-l1-curso-1\/\">Exam L1 &#8211; Curso 1<\/a><\/li>\n<li><a href=\"https:\/\/spanishworldgroup.com\/hk\/examen-b1-1\/\">Exam B1.1<\/a><\/li>\n<li><a href=\"https:\/\/spanishworldgroup.com\/hk\/exam-c1-2\/\">Exam C1.2<\/a><\/li>\n<\/ul>\n<p>[\/vc_column_text][\/vc_column][\/vc_row][vc_row full_width=&#8221;stretch_row&#8221; css=&#8221;.vc_custom_1586937341860{margin-bottom: 0px !important;padding-top: 52px !important;padding-bottom: 46px !important;background-color: #ffffff !important;}&#8221;][vc_column width=&#8221;7\/12&#8243;][stm_icon_box hover_pos=&#8221;none&#8221; icon=&#8221;fa-icon-stm_icon_book&#8221; icon_align=&#8221;left&#8221; icon_color=&#8221;#333333&#8243; box_text_color=&#8221;#555555&#8243; css=&#8221;.vc_custom_1586249191292{padding-top: 0px !important;padding-right: 20px !important;padding-bottom: 0px !important;padding-left: 8px !important;}&#8221;]<\/p>\n<h3><span style=\"color: #48a7d4;\">GET IN TOUCH<\/span> WITH US<\/h3>\n<p>Our advisers are waiting to hear about your Spanish goals!\u00a0 Ask us about a program or let&#8217;s come up with a personalized learning plan today.[\/stm_icon_box][vc_single_image image=&#8221;4349&#8243; img_size=&#8221;medium&#8221; alignment=&#8221;center&#8221;][\/vc_column][vc_column width=&#8221;5\/12&#8243;]\n<div class=\"wpcf7 no-js\" id=\"wpcf7-f4586-o1\" lang=\"en-US\" dir=\"ltr\" data-wpcf7-id=\"4586\">\n<div class=\"screen-reader-response\"><p role=\"status\" aria-live=\"polite\" aria-atomic=\"true\"><\/p> <ul><\/ul><\/div>\n<form action=\"\/hk\/wp-json\/wp\/v2\/pages\/4468#wpcf7-f4586-o1\" method=\"post\" class=\"wpcf7-form init\" aria-label=\"Contact form\" novalidate=\"novalidate\" data-status=\"init\">\n<div style=\"display: none;\">\n<input type=\"hidden\" name=\"_wpcf7\" value=\"4586\" \/>\n<input type=\"hidden\" name=\"_wpcf7_version\" value=\"6.0.3\" \/>\n<input type=\"hidden\" name=\"_wpcf7_locale\" value=\"en_US\" \/>\n<input type=\"hidden\" name=\"_wpcf7_unit_tag\" value=\"wpcf7-f4586-o1\" \/>\n<input type=\"hidden\" name=\"_wpcf7_container_post\" value=\"0\" \/>\n<input type=\"hidden\" name=\"_wpcf7_posted_data_hash\" value=\"\" \/>\n<\/div>\n<p>Name <span class=\"wpcf7-form-control-wrap\" data-name=\"text-440\"><input size=\"40\" maxlength=\"400\" class=\"wpcf7-form-control wpcf7-text wpcf7-validates-as-required\" aria-required=\"true\" aria-invalid=\"false\" value=\"\" type=\"text\" name=\"text-440\" \/><\/span>\n<\/p>\n<p>Email <span class=\"wpcf7-form-control-wrap\" data-name=\"email-464\"><input size=\"40\" maxlength=\"400\" class=\"wpcf7-form-control wpcf7-email wpcf7-validates-as-required wpcf7-text wpcf7-validates-as-email\" aria-required=\"true\" aria-invalid=\"false\" value=\"\" type=\"email\" name=\"email-464\" \/><\/span>\n<\/p>\n<p>Phone Number <span class=\"wpcf7-form-control-wrap\" data-name=\"tel-328\"><input size=\"40\" maxlength=\"400\" class=\"wpcf7-form-control wpcf7-tel wpcf7-text wpcf7-validates-as-tel\" aria-invalid=\"false\" value=\"\" type=\"tel\" name=\"tel-328\" \/><\/span>\n<\/p>\n<p>Preferred Course \/ Questions \/ Comments: <span class=\"wpcf7-form-control-wrap\" data-name=\"textarea-512\"><textarea cols=\"40\" rows=\"10\" maxlength=\"2000\" class=\"wpcf7-form-control wpcf7-textarea wpcf7-validates-as-required\" aria-required=\"true\" aria-invalid=\"false\" name=\"textarea-512\"><\/textarea><\/span>\n<\/p>\n<div id=\"cf7sr-69e8df289c70a\" class=\"cf7sr-g-recaptcha\" data-theme=\"light\" data-type=\"image\" data-size=\"normal\" data-sitekey=\"6LcEGuQUAAAAAF8HWxcAj8Bg9DZNpisMqQcjL8aQ\"><\/div><span class=\"wpcf7-form-control-wrap cf7sr-recaptcha\" data-name=\"cf7sr-recaptcha\"><input type=\"hidden\" name=\"cf7sr-recaptcha\" value=\"\" class=\"wpcf7-form-control\"><\/span>\n<\/p>\n<p><input class=\"wpcf7-form-control wpcf7-submit has-spinner\" type=\"submit\" value=\"Submit\" \/>\n<\/p><div class=\"wpcf7-response-output\" aria-hidden=\"true\"><\/div>\n<\/form>\n<\/div>\n[\/vc_column][\/vc_row]<\/p>\n","protected":false},"excerpt":{"rendered":"<p>[vc_row][vc_column][vc_column_text] Online Exams A1 &#8211; M\u00f3dulo 1 &#8211; Adultos L2- Curso 2 L3 &#8211; Curso 3 TA1 &#8211; M\u00f3dulo 1 (escrita, oral) TA1 &#8211; M\u00f3dulo 2 Exam L1 &#8211; Curso 1 Exam B1.1 Exam C1.2 [\/vc_column_text][\/vc_column][\/vc_row][vc_row full_width=&#8221;stretch_row&#8221; css=&#8221;.vc_custom_1586937341860{margin-bottom: 0px !important;padding-top: 52px !important;padding-bottom: 46px !important;background-color: #ffffff !important;}&#8221;][vc_column width=&#8221;7\/12&#8243;][stm_icon_box hover_pos=&#8221;none&#8221; icon=&#8221;fa-icon-stm_icon_book&#8221; icon_align=&#8221;left&#8221; icon_color=&#8221;#333333&#8243; box_text_color=&#8221;#555555&#8243; css=&#8221;.vc_custom_1586249191292{padding-top: 0px !important;padding-right: [&hellip;]<\/p>\n","protected":false},"author":2,"featured_media":0,"parent":0,"menu_order":0,"comment_status":"closed","ping_status":"closed","template":"","meta":{"_monsterinsights_skip_tracking":false,"_monsterinsights_sitenote_active":false,"_monsterinsights_sitenote_note":"","_monsterinsights_sitenote_category":0,"footnotes":""},"class_list":["post-4468","page","type-page","status-publish","hentry"],"yoast_head":"<!-- This site is optimized with the Yoast SEO plugin v24.4 - https:\/\/yoast.com\/wordpress\/plugins\/seo\/ -->\n<title>Online Exams - \u897f\u73ed\u7259\u6587\u5316\u6559\u80b2\u793e Spanish World Hong Kong_Centra<\/title>\n<meta name=\"robots\" content=\"index, follow, max-snippet:-1, max-image-preview:large, max-video-preview:-1\" \/>\n<link rel=\"canonical\" href=\"https:\/\/spanishworldgroup.com\/hk\/online-exams\/\" \/>\n<meta property=\"og:locale\" content=\"en_US\" \/>\n<meta property=\"og:type\" content=\"article\" \/>\n<meta property=\"og:title\" content=\"Online Exams - \u897f\u73ed\u7259\u6587\u5316\u6559\u80b2\u793e Spanish World Hong Kong_Centra\" \/>\n<meta property=\"og:description\" content=\"[vc_row][vc_column][vc_column_text] Online Exams A1 &#8211; M\u00f3dulo 1 &#8211; Adultos L2- Curso 2 L3 &#8211; Curso 3 TA1 &#8211; M\u00f3dulo 1 (escrita, oral) TA1 &#8211; M\u00f3dulo 2 Exam L1 &#8211; Curso 1 Exam B1.1 Exam C1.2 [\/vc_column_text][\/vc_column][\/vc_row][vc_row full_width=&#8221;stretch_row&#8221; css=&#8221;.vc_custom_1586937341860{margin-bottom: 0px !important;padding-top: 52px !important;padding-bottom: 46px !important;background-color: #ffffff !important;}&#8221;][vc_column width=&#8221;7\/12&#8243;][stm_icon_box hover_pos=&#8221;none&#8221; icon=&#8221;fa-icon-stm_icon_book&#8221; icon_align=&#8221;left&#8221; icon_color=&#8221;#333333&#8243; box_text_color=&#8221;#555555&#8243; css=&#8221;.vc_custom_1586249191292{padding-top: 0px !important;padding-right: [&hellip;]\" \/>\n<meta property=\"og:url\" content=\"https:\/\/spanishworldgroup.com\/hk\/online-exams\/\" \/>\n<meta property=\"og:site_name\" content=\"\u897f\u73ed\u7259\u6587\u5316\u6559\u80b2\u793e Spanish World Hong Kong_Centra\" \/>\n<meta property=\"article:modified_time\" content=\"2021-02-09T06:51:38+00:00\" \/>\n<meta name=\"twitter:card\" content=\"summary_large_image\" \/>\n<meta name=\"twitter:label1\" content=\"Est. reading time\" \/>\n\t<meta name=\"twitter:data1\" content=\"1 minute\" \/>\n<script type=\"application\/ld+json\" class=\"yoast-schema-graph\">{\"@context\":\"https:\/\/schema.org\",\"@graph\":[{\"@type\":\"WebPage\",\"@id\":\"https:\/\/spanishworldgroup.com\/hk\/online-exams\/\",\"url\":\"https:\/\/spanishworldgroup.com\/hk\/online-exams\/\",\"name\":\"Online Exams - \u897f\u73ed\u7259\u6587\u5316\u6559\u80b2\u793e Spanish World Hong Kong_Centra\",\"isPartOf\":{\"@id\":\"https:\/\/spanishworldgroup.com\/hk\/#website\"},\"datePublished\":\"2020-03-18T10:30:49+00:00\",\"dateModified\":\"2021-02-09T06:51:38+00:00\",\"breadcrumb\":{\"@id\":\"https:\/\/spanishworldgroup.com\/hk\/online-exams\/#breadcrumb\"},\"inLanguage\":\"en-US\",\"potentialAction\":[{\"@type\":\"ReadAction\",\"target\":[\"https:\/\/spanishworldgroup.com\/hk\/online-exams\/\"]}]},{\"@type\":\"BreadcrumbList\",\"@id\":\"https:\/\/spanishworldgroup.com\/hk\/online-exams\/#breadcrumb\",\"itemListElement\":[{\"@type\":\"ListItem\",\"position\":1,\"name\":\"Home\",\"item\":\"https:\/\/spanishworldgroup.com\/hk\/\"},{\"@type\":\"ListItem\",\"position\":2,\"name\":\"Online Exams\"}]},{\"@type\":\"WebSite\",\"@id\":\"https:\/\/spanishworldgroup.com\/hk\/#website\",\"url\":\"https:\/\/spanishworldgroup.com\/hk\/\",\"name\":\"\u897f\u73ed\u7259\u6587\u5316\u6559\u80b2\u793e Spanish World Hong Kong_Centra\",\"description\":\"\u897f\u73ed\u7259\u6587\u5316\u6559\u80b2\u793e Spanish World HK | Learn Spanish with Native Spanish Teachers\",\"potentialAction\":[{\"@type\":\"SearchAction\",\"target\":{\"@type\":\"EntryPoint\",\"urlTemplate\":\"https:\/\/spanishworldgroup.com\/hk\/?s={search_term_string}\"},\"query-input\":{\"@type\":\"PropertyValueSpecification\",\"valueRequired\":true,\"valueName\":\"search_term_string\"}}],\"inLanguage\":\"en-US\"}]}<\/script>\n<!-- \/ Yoast SEO plugin. -->","yoast_head_json":{"title":"Online Exams - \u897f\u73ed\u7259\u6587\u5316\u6559\u80b2\u793e Spanish World Hong Kong_Centra","robots":{"index":"index","follow":"follow","max-snippet":"max-snippet:-1","max-image-preview":"max-image-preview:large","max-video-preview":"max-video-preview:-1"},"canonical":"https:\/\/spanishworldgroup.com\/hk\/online-exams\/","og_locale":"en_US","og_type":"article","og_title":"Online Exams - \u897f\u73ed\u7259\u6587\u5316\u6559\u80b2\u793e Spanish World Hong Kong_Centra","og_description":"[vc_row][vc_column][vc_column_text] Online Exams A1 &#8211; M\u00f3dulo 1 &#8211; Adultos L2- Curso 2 L3 &#8211; Curso 3 TA1 &#8211; M\u00f3dulo 1 (escrita, oral) TA1 &#8211; M\u00f3dulo 2 Exam L1 &#8211; Curso 1 Exam B1.1 Exam C1.2 [\/vc_column_text][\/vc_column][\/vc_row][vc_row full_width=&#8221;stretch_row&#8221; css=&#8221;.vc_custom_1586937341860{margin-bottom: 0px !important;padding-top: 52px !important;padding-bottom: 46px !important;background-color: #ffffff !important;}&#8221;][vc_column width=&#8221;7\/12&#8243;][stm_icon_box hover_pos=&#8221;none&#8221; icon=&#8221;fa-icon-stm_icon_book&#8221; icon_align=&#8221;left&#8221; icon_color=&#8221;#333333&#8243; box_text_color=&#8221;#555555&#8243; css=&#8221;.vc_custom_1586249191292{padding-top: 0px !important;padding-right: [&hellip;]","og_url":"https:\/\/spanishworldgroup.com\/hk\/online-exams\/","og_site_name":"\u897f\u73ed\u7259\u6587\u5316\u6559\u80b2\u793e Spanish World Hong Kong_Centra","article_modified_time":"2021-02-09T06:51:38+00:00","twitter_card":"summary_large_image","twitter_misc":{"Est. reading time":"1 minute"},"schema":{"@context":"https:\/\/schema.org","@graph":[{"@type":"WebPage","@id":"https:\/\/spanishworldgroup.com\/hk\/online-exams\/","url":"https:\/\/spanishworldgroup.com\/hk\/online-exams\/","name":"Online Exams - \u897f\u73ed\u7259\u6587\u5316\u6559\u80b2\u793e Spanish World Hong Kong_Centra","isPartOf":{"@id":"https:\/\/spanishworldgroup.com\/hk\/#website"},"datePublished":"2020-03-18T10:30:49+00:00","dateModified":"2021-02-09T06:51:38+00:00","breadcrumb":{"@id":"https:\/\/spanishworldgroup.com\/hk\/online-exams\/#breadcrumb"},"inLanguage":"en-US","potentialAction":[{"@type":"ReadAction","target":["https:\/\/spanishworldgroup.com\/hk\/online-exams\/"]}]},{"@type":"BreadcrumbList","@id":"https:\/\/spanishworldgroup.com\/hk\/online-exams\/#breadcrumb","itemListElement":[{"@type":"ListItem","position":1,"name":"Home","item":"https:\/\/spanishworldgroup.com\/hk\/"},{"@type":"ListItem","position":2,"name":"Online Exams"}]},{"@type":"WebSite","@id":"https:\/\/spanishworldgroup.com\/hk\/#website","url":"https:\/\/spanishworldgroup.com\/hk\/","name":"\u897f\u73ed\u7259\u6587\u5316\u6559\u80b2\u793e Spanish World Hong Kong_Centra","description":"\u897f\u73ed\u7259\u6587\u5316\u6559\u80b2\u793e Spanish World HK | Learn Spanish with Native Spanish Teachers","potentialAction":[{"@type":"SearchAction","target":{"@type":"EntryPoint","urlTemplate":"https:\/\/spanishworldgroup.com\/hk\/?s={search_term_string}"},"query-input":{"@type":"PropertyValueSpecification","valueRequired":true,"valueName":"search_term_string"}}],"inLanguage":"en-US"}]}},"jetpack_sharing_enabled":true,"_links":{"self":[{"href":"https:\/\/spanishworldgroup.com\/hk\/wp-json\/wp\/v2\/pages\/4468"}],"collection":[{"href":"https:\/\/spanishworldgroup.com\/hk\/wp-json\/wp\/v2\/pages"}],"about":[{"href":"https:\/\/spanishworldgroup.com\/hk\/wp-json\/wp\/v2\/types\/page"}],"author":[{"embeddable":true,"href":"https:\/\/spanishworldgroup.com\/hk\/wp-json\/wp\/v2\/users\/2"}],"replies":[{"embeddable":true,"href":"https:\/\/spanishworldgroup.com\/hk\/wp-json\/wp\/v2\/comments?post=4468"}],"version-history":[{"count":9,"href":"https:\/\/spanishworldgroup.com\/hk\/wp-json\/wp\/v2\/pages\/4468\/revisions"}],"predecessor-version":[{"id":6558,"href":"https:\/\/spanishworldgroup.com\/hk\/wp-json\/wp\/v2\/pages\/4468\/revisions\/6558"}],"wp:attachment":[{"href":"https:\/\/spanishworldgroup.com\/hk\/wp-json\/wp\/v2\/media?parent=4468"}],"curies":[{"name":"wp","href":"https:\/\/api.w.org\/{rel}","templated":true}]}}