{"id":488,"date":"2015-06-08T07:47:17","date_gmt":"2015-06-08T07:47:17","guid":{"rendered":"http:\/\/masterstudy.stylemixthemes.com\/demo\/?post_type=product&#038;p=488"},"modified":"2020-03-26T05:15:44","modified_gmt":"2020-03-26T05:15:44","slug":"spanish-for-adult-beginners-a2","status":"publish","type":"product","link":"https:\/\/spanishworldgroup.com\/hk\/product\/spanish-for-adult-beginners-a2\/","title":{"rendered":"Spanish for Adult Beginners A2"},"content":{"rendered":"<p>[vc_row css=&#8221;.vc_custom_1436877382226{margin-bottom: 15px !important;}&#8221;][vc_column][vc_column_text]<\/p>\n<h3>Overview<\/h3>\n<p><strong>A2 LEVEL<\/strong>\u00a0is divided into 5 modules: each module comprises 12 lessons (24 hours); 120 hours in total.<\/p>\n<h6>This program prepares you for the following exam\/s:<\/h6>\n<ul>\n<li><a href=\"https:\/\/spanishworldgroup.com\/hk\/dele-exam\/\">Diplomas of Spanish as a Foreign Language (DELE)<\/a><\/li>\n<\/ul>\n<div class=\"program__summary\">\n<div class=\"program__summary__item\"><\/div>\n<div class=\"program__summary__item\">\n<p><strong>Tuition Fee:<\/strong><br \/>\nHK$4,100\/module<\/p>\n<p><strong>Materials Fee:<\/strong><br \/>\nHK$400<\/p>\n<p><strong>Class size:<\/strong><br \/>\n4-12<\/p>\n<p><strong>Number of lessons:<\/strong><br \/>\n12<\/p>\n<p><strong>Total hours of tuition:<\/strong><br \/>\n24 per module<\/div>\n<\/div>\n<div class=\"private-lessons\">\n<div class=\"private-lessons__container\">\n<div class=\"private-lessons__container-r\">\n<p>Private lessons are available for this program<br \/>\n<a href=\"\/hk\/contact-us\/\">Contact us for more information<\/a><\/div>\n<\/div>\n<\/div>\n<div class=\"special-offer\">\n<div class=\"special-offer__title-bar\">\n<h3><b>*Special Offers*<\/b><\/h3>\n<p><span style=\"font-weight: 400;\">Complete our online survey and save $100 | <a href=\"https:\/\/spanishworldgroup.com\/hk\/online-survey\/\">click here!<\/a><\/span><\/p>\n<p>Sign up with a friend and save $200 | <a href=\"https:\/\/spanishworldgroup.com\/hk\/contact-us\/\">contact us for details!<\/a><\/div>\n<\/div>\n<h3><\/h3>\n<h3>About this program<\/h3>\n<p>In order to reach the next level the following items will be considered at the end of each module:<\/p>\n<ul>\n<li>Progress and participation: work at home (5%) + participation in class (5%)<\/li>\n<li>Final exam (90%)<\/li>\n<\/ul>\n<p><em>To pass each module, you will need to carry out successfully 50% of the exam and 50% of \u201cprogress and participation\u201d.<\/em><\/p>\n<h5>Required Materials<\/h5>\n<p>M\u00e9todo de espa\u00f1ol para extranjeros contin\u00faa Prisma Nivel A2 Libro &amp; Ejercicios.<\/p>\n<h5><\/h5>\n<h5>Below is a taster of the content of the first two modules of this course\u2026<\/h5>\n<h4>Module A2.1<\/h4>\n<ul>\n<li>Contrasting and comparing information<\/li>\n<li>Writing, organizing and extending a short text in Spanish<\/li>\n<li>Writing an email or an informal letter in Spanish<\/li>\n<li>Expressing opinion, agreement and disagreement<\/li>\n<li>Identifying , defining, describing and locating people, objects and places<\/li>\n<li>Talking by phone and having a phone conversation in Spanish<\/li>\n<li>Greetings, farewells and introducing someone else<\/li>\n<li>Saying how you feel, making excuses and giving explanations<\/li>\n<li>Expressing yourself with body language in Spanish<\/li>\n<li>Describing or narrating actions, experiences or personal situations in past tense<\/li>\n<li>Giving your opinion in the past tense<\/li>\n<li>Getting to know Spanish culture: leisure activities, TV shows and channels and some habits for greetings<\/li>\n<\/ul>\n<h4>Module A2.2<\/h4>\n<ul>\n<li>Narrating in the past tense<\/li>\n<li>Talking about historical events<\/li>\n<li>Saying dates<\/li>\n<li>Talking about someone&#8217;s life<\/li>\n<li>Talking about your own biography<\/li>\n<li>Asking information and giving information about your CV<\/li>\n<li>Talking about unusual experiences<\/li>\n<li>Read basic texts (informal letters, biographies, short text about history)<\/li>\n<li>Write simple texts (an informal letter and a biography)<\/li>\n<li>Get to know Spanish culture: history, politics, some Hispanic characters from the past and the present<\/li>\n<\/ul>\n<p>[\/vc_column_text][vc_custom_heading text=&#8221;If you have any questions, please don&#8217;t hesitate to get in touch!&#8221; google_fonts=&#8221;font_family:Open%20Sans%3A300%2C300italic%2Cregular%2Citalic%2C600%2C600italic%2C700%2C700italic%2C800%2C800italic|font_style:400%20regular%3A400%3Anormal&#8221;]\n<div class=\"wpcf7 no-js\" id=\"wpcf7-f4586-o1\" lang=\"en-US\" dir=\"ltr\" data-wpcf7-id=\"4586\">\n<div class=\"screen-reader-response\"><p role=\"status\" aria-live=\"polite\" aria-atomic=\"true\"><\/p> <ul><\/ul><\/div>\n<form action=\"\/hk\/wp-json\/wp\/v2\/product\/488#wpcf7-f4586-o1\" method=\"post\" class=\"wpcf7-form init\" aria-label=\"Contact form\" novalidate=\"novalidate\" data-status=\"init\">\n<div style=\"display: none;\">\n<input type=\"hidden\" name=\"_wpcf7\" value=\"4586\" \/>\n<input type=\"hidden\" name=\"_wpcf7_version\" value=\"6.0.3\" \/>\n<input type=\"hidden\" name=\"_wpcf7_locale\" value=\"en_US\" \/>\n<input type=\"hidden\" name=\"_wpcf7_unit_tag\" value=\"wpcf7-f4586-o1\" \/>\n<input type=\"hidden\" name=\"_wpcf7_container_post\" value=\"0\" \/>\n<input type=\"hidden\" name=\"_wpcf7_posted_data_hash\" value=\"\" \/>\n<\/div>\n<p>Name <span class=\"wpcf7-form-control-wrap\" data-name=\"text-440\"><input size=\"40\" maxlength=\"400\" class=\"wpcf7-form-control wpcf7-text wpcf7-validates-as-required\" aria-required=\"true\" aria-invalid=\"false\" value=\"\" type=\"text\" name=\"text-440\" \/><\/span>\n<\/p>\n<p>Email <span class=\"wpcf7-form-control-wrap\" data-name=\"email-464\"><input size=\"40\" maxlength=\"400\" class=\"wpcf7-form-control wpcf7-email wpcf7-validates-as-required wpcf7-text wpcf7-validates-as-email\" aria-required=\"true\" aria-invalid=\"false\" value=\"\" type=\"email\" name=\"email-464\" \/><\/span>\n<\/p>\n<p>Phone Number <span class=\"wpcf7-form-control-wrap\" data-name=\"tel-328\"><input size=\"40\" maxlength=\"400\" class=\"wpcf7-form-control wpcf7-tel wpcf7-text wpcf7-validates-as-tel\" aria-invalid=\"false\" value=\"\" type=\"tel\" name=\"tel-328\" \/><\/span>\n<\/p>\n<p>Preferred Course \/ Questions \/ Comments: <span class=\"wpcf7-form-control-wrap\" data-name=\"textarea-512\"><textarea cols=\"40\" rows=\"10\" maxlength=\"2000\" class=\"wpcf7-form-control wpcf7-textarea wpcf7-validates-as-required\" aria-required=\"true\" aria-invalid=\"false\" name=\"textarea-512\"><\/textarea><\/span>\n<\/p>\n<div id=\"cf7sr-69dbb21fe6717\" class=\"cf7sr-g-recaptcha\" data-theme=\"light\" data-type=\"image\" data-size=\"normal\" data-sitekey=\"6LcEGuQUAAAAAF8HWxcAj8Bg9DZNpisMqQcjL8aQ\"><\/div><span class=\"wpcf7-form-control-wrap cf7sr-recaptcha\" data-name=\"cf7sr-recaptcha\"><input type=\"hidden\" name=\"cf7sr-recaptcha\" value=\"\" class=\"wpcf7-form-control\"><\/span>\n<\/p>\n<p><input class=\"wpcf7-form-control wpcf7-submit has-spinner\" type=\"submit\" value=\"Submit\" \/>\n<\/p><div class=\"wpcf7-response-output\" aria-hidden=\"true\"><\/div>\n<\/form>\n<\/div>\n[\/vc_column][\/vc_row]<\/p>\n","protected":false},"excerpt":{"rendered":"<p><strong>A2 LEVEL<\/strong>\u00a0is divided into 5 modules: each module comprises 12 lessons (24 hours); 120 hours in total.<\/p>\n","protected":false},"featured_media":2592,"comment_status":"closed","ping_status":"closed","template":"","meta":{"_monsterinsights_skip_tracking":false,"_monsterinsights_sitenote_active":false,"_monsterinsights_sitenote_note":"","_monsterinsights_sitenote_category":0},"product_brand":[],"product_cat":[158],"product_tag":[],"class_list":{"0":"post-488","1":"product","2":"type-product","3":"status-publish","4":"has-post-thumbnail","6":"product_cat-spanish-higher-levels","8":"first","9":"instock","10":"shipping-taxable","11":"purchasable","12":"product-type-simple"},"yoast_head":"<!-- This site is optimized with the Yoast SEO plugin v24.4 - https:\/\/yoast.com\/wordpress\/plugins\/seo\/ -->\n<title>Spanish for Adult Beginners A2 - \u897f\u73ed\u7259\u6587\u5316\u6559\u80b2\u793e Spanish World Hong Kong_Centra<\/title>\n<meta name=\"robots\" content=\"index, follow, max-snippet:-1, max-image-preview:large, max-video-preview:-1\" \/>\n<link rel=\"canonical\" href=\"https:\/\/spanishworldgroup.com\/hk\/product\/spanish-for-adult-beginners-a2\/\" \/>\n<meta property=\"og:locale\" content=\"en_US\" \/>\n<meta property=\"og:type\" content=\"article\" \/>\n<meta property=\"og:title\" content=\"Spanish for Adult Beginners A2 - \u897f\u73ed\u7259\u6587\u5316\u6559\u80b2\u793e Spanish World Hong Kong_Centra\" \/>\n<meta property=\"og:description\" content=\"A2 LEVEL\u00a0is divided into 5 modules: each module comprises 12 lessons (24 hours); 120 hours in total.\" \/>\n<meta property=\"og:url\" content=\"https:\/\/spanishworldgroup.com\/hk\/product\/spanish-for-adult-beginners-a2\/\" \/>\n<meta property=\"og:site_name\" content=\"\u897f\u73ed\u7259\u6587\u5316\u6559\u80b2\u793e Spanish World Hong Kong_Centra\" \/>\n<meta property=\"article:modified_time\" content=\"2020-03-26T05:15:44+00:00\" \/>\n<meta property=\"og:image\" content=\"https:\/\/spanishworldgroup.com\/hk\/wp-content\/uploads\/2015\/06\/A2productpage-1024x684.jpg\" \/>\n\t<meta property=\"og:image:width\" content=\"1024\" \/>\n\t<meta property=\"og:image:height\" content=\"684\" \/>\n\t<meta property=\"og:image:type\" content=\"image\/jpeg\" \/>\n<meta name=\"twitter:card\" content=\"summary_large_image\" \/>\n<meta name=\"twitter:label1\" content=\"Est. reading time\" \/>\n\t<meta name=\"twitter:data1\" content=\"2 minutes\" \/>\n<script type=\"application\/ld+json\" class=\"yoast-schema-graph\">{\"@context\":\"https:\/\/schema.org\",\"@graph\":[{\"@type\":\"WebPage\",\"@id\":\"https:\/\/spanishworldgroup.com\/hk\/product\/spanish-for-adult-beginners-a2\/\",\"url\":\"https:\/\/spanishworldgroup.com\/hk\/product\/spanish-for-adult-beginners-a2\/\",\"name\":\"Spanish for Adult Beginners A2 - \u897f\u73ed\u7259\u6587\u5316\u6559\u80b2\u793e Spanish World Hong Kong_Centra\",\"isPartOf\":{\"@id\":\"https:\/\/spanishworldgroup.com\/hk\/#website\"},\"primaryImageOfPage\":{\"@id\":\"https:\/\/spanishworldgroup.com\/hk\/product\/spanish-for-adult-beginners-a2\/#primaryimage\"},\"image\":{\"@id\":\"https:\/\/spanishworldgroup.com\/hk\/product\/spanish-for-adult-beginners-a2\/#primaryimage\"},\"thumbnailUrl\":\"https:\/\/spanishworldgroup.com\/hk\/wp-content\/uploads\/2015\/06\/A2productpage-6015x4015.jpg\",\"datePublished\":\"2015-06-08T07:47:17+00:00\",\"dateModified\":\"2020-03-26T05:15:44+00:00\",\"breadcrumb\":{\"@id\":\"https:\/\/spanishworldgroup.com\/hk\/product\/spanish-for-adult-beginners-a2\/#breadcrumb\"},\"inLanguage\":\"en-US\",\"potentialAction\":[{\"@type\":\"ReadAction\",\"target\":[\"https:\/\/spanishworldgroup.com\/hk\/product\/spanish-for-adult-beginners-a2\/\"]}]},{\"@type\":\"ImageObject\",\"inLanguage\":\"en-US\",\"@id\":\"https:\/\/spanishworldgroup.com\/hk\/product\/spanish-for-adult-beginners-a2\/#primaryimage\",\"url\":\"https:\/\/spanishworldgroup.com\/hk\/wp-content\/uploads\/2015\/06\/A2productpage-6015x4015.jpg\",\"contentUrl\":\"https:\/\/spanishworldgroup.com\/hk\/wp-content\/uploads\/2015\/06\/A2productpage-6015x4015.jpg\",\"width\":6016,\"height\":4016},{\"@type\":\"BreadcrumbList\",\"@id\":\"https:\/\/spanishworldgroup.com\/hk\/product\/spanish-for-adult-beginners-a2\/#breadcrumb\",\"itemListElement\":[{\"@type\":\"ListItem\",\"position\":1,\"name\":\"Home\",\"item\":\"https:\/\/spanishworldgroup.com\/hk\/\"},{\"@type\":\"ListItem\",\"position\":2,\"name\":\"All courses\",\"item\":\"https:\/\/spanishworldgroup.com\/hk\/courses\/\"},{\"@type\":\"ListItem\",\"position\":3,\"name\":\"Spanish for Adult Beginners A2\"}]},{\"@type\":\"WebSite\",\"@id\":\"https:\/\/spanishworldgroup.com\/hk\/#website\",\"url\":\"https:\/\/spanishworldgroup.com\/hk\/\",\"name\":\"\u897f\u73ed\u7259\u6587\u5316\u6559\u80b2\u793e Spanish World Hong Kong_Centra\",\"description\":\"\u897f\u73ed\u7259\u6587\u5316\u6559\u80b2\u793e Spanish World HK | Learn Spanish with Native Spanish Teachers\",\"potentialAction\":[{\"@type\":\"SearchAction\",\"target\":{\"@type\":\"EntryPoint\",\"urlTemplate\":\"https:\/\/spanishworldgroup.com\/hk\/?s={search_term_string}\"},\"query-input\":{\"@type\":\"PropertyValueSpecification\",\"valueRequired\":true,\"valueName\":\"search_term_string\"}}],\"inLanguage\":\"en-US\"}]}<\/script>\n<!-- \/ Yoast SEO plugin. -->","yoast_head_json":{"title":"Spanish for Adult Beginners A2 - \u897f\u73ed\u7259\u6587\u5316\u6559\u80b2\u793e Spanish World Hong Kong_Centra","robots":{"index":"index","follow":"follow","max-snippet":"max-snippet:-1","max-image-preview":"max-image-preview:large","max-video-preview":"max-video-preview:-1"},"canonical":"https:\/\/spanishworldgroup.com\/hk\/product\/spanish-for-adult-beginners-a2\/","og_locale":"en_US","og_type":"article","og_title":"Spanish for Adult Beginners A2 - \u897f\u73ed\u7259\u6587\u5316\u6559\u80b2\u793e Spanish World Hong Kong_Centra","og_description":"A2 LEVEL\u00a0is divided into 5 modules: each module comprises 12 lessons (24 hours); 120 hours in total.","og_url":"https:\/\/spanishworldgroup.com\/hk\/product\/spanish-for-adult-beginners-a2\/","og_site_name":"\u897f\u73ed\u7259\u6587\u5316\u6559\u80b2\u793e Spanish World Hong Kong_Centra","article_modified_time":"2020-03-26T05:15:44+00:00","og_image":[{"width":1024,"height":684,"url":"https:\/\/spanishworldgroup.com\/hk\/wp-content\/uploads\/2015\/06\/A2productpage-1024x684.jpg","type":"image\/jpeg"}],"twitter_card":"summary_large_image","twitter_misc":{"Est. reading time":"2 minutes"},"schema":{"@context":"https:\/\/schema.org","@graph":[{"@type":"WebPage","@id":"https:\/\/spanishworldgroup.com\/hk\/product\/spanish-for-adult-beginners-a2\/","url":"https:\/\/spanishworldgroup.com\/hk\/product\/spanish-for-adult-beginners-a2\/","name":"Spanish for Adult Beginners A2 - \u897f\u73ed\u7259\u6587\u5316\u6559\u80b2\u793e Spanish World Hong Kong_Centra","isPartOf":{"@id":"https:\/\/spanishworldgroup.com\/hk\/#website"},"primaryImageOfPage":{"@id":"https:\/\/spanishworldgroup.com\/hk\/product\/spanish-for-adult-beginners-a2\/#primaryimage"},"image":{"@id":"https:\/\/spanishworldgroup.com\/hk\/product\/spanish-for-adult-beginners-a2\/#primaryimage"},"thumbnailUrl":"https:\/\/spanishworldgroup.com\/hk\/wp-content\/uploads\/2015\/06\/A2productpage-6015x4015.jpg","datePublished":"2015-06-08T07:47:17+00:00","dateModified":"2020-03-26T05:15:44+00:00","breadcrumb":{"@id":"https:\/\/spanishworldgroup.com\/hk\/product\/spanish-for-adult-beginners-a2\/#breadcrumb"},"inLanguage":"en-US","potentialAction":[{"@type":"ReadAction","target":["https:\/\/spanishworldgroup.com\/hk\/product\/spanish-for-adult-beginners-a2\/"]}]},{"@type":"ImageObject","inLanguage":"en-US","@id":"https:\/\/spanishworldgroup.com\/hk\/product\/spanish-for-adult-beginners-a2\/#primaryimage","url":"https:\/\/spanishworldgroup.com\/hk\/wp-content\/uploads\/2015\/06\/A2productpage-6015x4015.jpg","contentUrl":"https:\/\/spanishworldgroup.com\/hk\/wp-content\/uploads\/2015\/06\/A2productpage-6015x4015.jpg","width":6016,"height":4016},{"@type":"BreadcrumbList","@id":"https:\/\/spanishworldgroup.com\/hk\/product\/spanish-for-adult-beginners-a2\/#breadcrumb","itemListElement":[{"@type":"ListItem","position":1,"name":"Home","item":"https:\/\/spanishworldgroup.com\/hk\/"},{"@type":"ListItem","position":2,"name":"All courses","item":"https:\/\/spanishworldgroup.com\/hk\/courses\/"},{"@type":"ListItem","position":3,"name":"Spanish for Adult Beginners A2"}]},{"@type":"WebSite","@id":"https:\/\/spanishworldgroup.com\/hk\/#website","url":"https:\/\/spanishworldgroup.com\/hk\/","name":"\u897f\u73ed\u7259\u6587\u5316\u6559\u80b2\u793e Spanish World Hong Kong_Centra","description":"\u897f\u73ed\u7259\u6587\u5316\u6559\u80b2\u793e Spanish World HK | Learn Spanish with Native Spanish Teachers","potentialAction":[{"@type":"SearchAction","target":{"@type":"EntryPoint","urlTemplate":"https:\/\/spanishworldgroup.com\/hk\/?s={search_term_string}"},"query-input":{"@type":"PropertyValueSpecification","valueRequired":true,"valueName":"search_term_string"}}],"inLanguage":"en-US"}]}},"jetpack_sharing_enabled":true,"_links":{"self":[{"href":"https:\/\/spanishworldgroup.com\/hk\/wp-json\/wp\/v2\/product\/488"}],"collection":[{"href":"https:\/\/spanishworldgroup.com\/hk\/wp-json\/wp\/v2\/product"}],"about":[{"href":"https:\/\/spanishworldgroup.com\/hk\/wp-json\/wp\/v2\/types\/product"}],"replies":[{"embeddable":true,"href":"https:\/\/spanishworldgroup.com\/hk\/wp-json\/wp\/v2\/comments?post=488"}],"wp:featuredmedia":[{"embeddable":true,"href":"https:\/\/spanishworldgroup.com\/hk\/wp-json\/wp\/v2\/media\/2592"}],"wp:attachment":[{"href":"https:\/\/spanishworldgroup.com\/hk\/wp-json\/wp\/v2\/media?parent=488"}],"wp:term":[{"taxonomy":"product_brand","embeddable":true,"href":"https:\/\/spanishworldgroup.com\/hk\/wp-json\/wp\/v2\/product_brand?post=488"},{"taxonomy":"product_cat","embeddable":true,"href":"https:\/\/spanishworldgroup.com\/hk\/wp-json\/wp\/v2\/product_cat?post=488"},{"taxonomy":"product_tag","embeddable":true,"href":"https:\/\/spanishworldgroup.com\/hk\/wp-json\/wp\/v2\/product_tag?post=488"}],"curies":[{"name":"wp","href":"https:\/\/api.w.org\/{rel}","templated":true}]}}