{"id":3887,"date":"2021-07-08T16:58:47","date_gmt":"2021-07-08T08:58:47","guid":{"rendered":"https:\/\/spanishworldgroup.com\/sg\/?page_id=3887"},"modified":"2021-09-08T13:46:18","modified_gmt":"2021-09-08T05:46:18","slug":"about-us","status":"publish","type":"page","link":"https:\/\/spanishworldgroup.com\/sg\/about-us\/?lang=es","title":{"rendered":"Sobre nosotros"},"content":{"rendered":"<p>[vc_row full_width=&#8221;stretch_row&#8221;][vc_column][vc_custom_heading text=&#8221;Spanish World Singapur es el \u00fanico centro oficial de ex\u00e1menes DELE en Singapur acreditado con el Sello de Calidad del Instituto Cervantes.&#8221; font_container=&#8221;tag:h1|text_align:center|color:%230a0a0a&#8221; google_fonts=&#8221;font_family:Open%20Sans%3A300%2C300italic%2Cregular%2Citalic%2C600%2C600italic%2C700%2C700italic%2C800%2C800italic|font_style:300%20light%20regular%3A300%3Anormal&#8221;][\/vc_column][\/vc_row][vc_row full_width=&#8221;stretch_row&#8221; css=&#8221;.vc_custom_1571045453679{padding-bottom: 30px !important;background-color: #f4f4f4 !important;}&#8221;][vc_column][vc_custom_heading text=&#8221;Nuestra misi\u00f3n es acercar el rico mundo del espa\u00f1ol a la gente de Asia para que, a trav\u00e9s del idioma, nuestros estudiantes puedan conectarse y formar parte del mundo hispanohablante.&#8221; font_container=&#8221;tag:h3|text_align:center|color:%230a0a0a&#8221; google_fonts=&#8221;font_family:Open%20Sans%3A300%2C300italic%2Cregular%2Citalic%2C600%2C600italic%2C700%2C700italic%2C800%2C800italic|font_style:300%20light%20regular%3A300%3Anormal&#8221;][\/vc_column][\/vc_row][vc_row full_width=&#8221;stretch_row&#8221; css=&#8221;.vc_custom_1571045670800{padding-bottom: 30px !important;}&#8221;][vc_column][vc_custom_heading text=&#8221;\u00bfC\u00f3mo lo logramos?&#8221; font_container=&#8221;tag:h1|text_align:center|color:%2300b6ba&#8221; google_fonts=&#8221;font_family:Open%20Sans%3A300%2C300italic%2Cregular%2Citalic%2C600%2C600italic%2C700%2C700italic%2C800%2C800italic|font_style:300%20light%20regular%3A300%3Anormal&#8221;][\/vc_column][\/vc_row][vc_row][vc_column width=&#8221;1\/3&#8243;][vc_single_image image=&#8221;1565&#8243; img_size=&#8221;56&#215;45&#8243;][vc_custom_heading text=&#8221;Calidad de ense\u00f1anza&#8221; font_container=&#8221;tag:h2|text_align:left|color:%2300b6ba&#8221; google_fonts=&#8221;font_family:Open%20Sans%3A300%2C300italic%2Cregular%2Citalic%2C600%2C600italic%2C700%2C700italic%2C800%2C800italic|font_style:300%20light%20regular%3A300%3Anormal&#8221;][vc_column_text]Spanish World ha obtenido el Sello de Calidad de Acreditaci\u00f3n del Instituto Cervantes, el \u00fanico sello reconocido internacionalmente en el mundo en cuanto a la excelencia en la ense\u00f1anza del espa\u00f1ol. Esto va m\u00e1s all\u00e1 de la necesidad b\u00e1sica de contar con docentes profesionales.[\/vc_column_text][\/vc_column][vc_column width=&#8221;1\/3&#8243;][vc_single_image image=&#8221;1563&#8243; img_size=&#8221;36&#215;45&#8243;][vc_custom_heading text=&#8221;Profesores cualificados&#8221; font_container=&#8221;tag:h2|text_align:left|color:%2300b6ba&#8221; google_fonts=&#8221;font_family:Open%20Sans%3A300%2C300italic%2Cregular%2Citalic%2C600%2C600italic%2C700%2C700italic%2C800%2C800italic|font_style:300%20light%20regular%3A300%3Anormal&#8221;][vc_column_text]Merece la pena destacar que en Spanish World todos nuestros profesores son profesionales cualificados y con experiencia, adem\u00e1s de nativos de pa\u00edses de habla hispana. Todos nuestros docentes cuentan con una titulaci\u00f3n espec\u00edfica enfocada en la ense\u00f1anza del espa\u00f1ol como lengua extranjera (ELE). Puedes estar al 100% seguro de que tu profesor ser\u00e1 un verdadero profesional de la educaci\u00f3n que sabe c\u00f3mo ayudar a los estudiantes para comunicarse en lengua espa\u00f1ola.[\/vc_column_text][\/vc_column][vc_column width=&#8221;1\/3&#8243;][vc_single_image image=&#8221;1564&#8243; img_size=&#8221;44&#215;45&#8243;][vc_custom_heading text=&#8221;Programas de aprendizaje coherentes y progresivos&#8221; font_container=&#8221;tag:h2|text_align:left|color:%2300b6ba&#8221; google_fonts=&#8221;font_family:Open%20Sans%3A300%2C300italic%2Cregular%2Citalic%2C600%2C600italic%2C700%2C700italic%2C800%2C800italic|font_style:300%20light%20regular%3A300%3Anormal&#8221;][vc_column_text]A lo largo de nuestros m\u00e1s de 15 a\u00f1os de experiencia hemos elaborado y desarrollado programas para cada uno de nuestros niveles de aprendizaje (desde A1 hasta C2).[\/vc_column_text][\/vc_column][\/vc_row][vc_row][vc_column width=&#8221;1\/3&#8243;][vc_single_image image=&#8221;1566&#8243; img_size=&#8221;51&#215;45&#8243;][vc_custom_heading text=&#8221;El espa\u00f1ol es el protagonista&#8221; font_container=&#8221;tag:h2|text_align:left|color:%2300b6ba&#8221; google_fonts=&#8221;font_family:Open%20Sans%3A300%2C300italic%2Cregular%2Citalic%2C600%2C600italic%2C700%2C700italic%2C800%2C800italic|font_style:300%20light%20regular%3A300%3Anormal&#8221;][vc_column_text]En Spanish World creemos en un enfoque comunicativo a la hora de aprender una nueva lengua. Eso significa que el espa\u00f1ol es el idioma mayoritariamente utilizado en nuestras clases. No obstante, ninguna metodolog\u00eda es perfecta, por ello nuestros m\u00e9todos son flexibles y se adaptan a las caracter\u00edsticas personales de nuestros alumnos. Creemos sinceramente que hemos alcanzado el equilibrio perfecto para satisfacer las necesidades de nuestros estudiantes asi\u00e1ticos.[\/vc_column_text][\/vc_column][vc_column width=&#8221;1\/3&#8243;][vc_single_image image=&#8221;1567&#8243; img_size=&#8221;56&#215;45&#8243;][vc_custom_heading text=&#8221;Clases peque\u00f1as&#8221; font_container=&#8221;tag:h2|text_align:left|color:%2300b6ba&#8221; google_fonts=&#8221;font_family:Open%20Sans%3A300%2C300italic%2Cregular%2Citalic%2C600%2C600italic%2C700%2C700italic%2C800%2C800italic|font_style:300%20light%20regular%3A300%3Anormal&#8221;][vc_column_text]<\/p>\n<ul>\n<li>Playgroup: de 4 a 6 estudiantes<br \/>\nNi\u00f1os: de 4 a 10 estudiantes<br \/>\nAdolescentes: de 4 a 10 estudiantes<br \/>\nAdultos: de 4 a 14 estudiantes<\/li>\n<\/ul>\n<p>[\/vc_column_text][\/vc_column][vc_column width=&#8221;1\/3&#8243;][vc_single_image image=&#8221;1568&#8243; img_size=&#8221;56&#215;45&#8243;][vc_custom_heading text=&#8221;Proceso administrativo flexible&#8221; font_container=&#8221;tag:h2|text_align:left|color:%2300b6ba&#8221; google_fonts=&#8221;font_family:Open%20Sans%3A300%2C300italic%2Cregular%2Citalic%2C600%2C600italic%2C700%2C700italic%2C800%2C800italic|font_style:300%20light%20regular%3A300%3Anormal&#8221;][vc_column_text]En Spanish World ofrecemos un proceso administrativo orientado al estudiante con la capacidad de tratar individualmente sus necesidades y ofrecer respuestas r\u00e1pidas y eficaces. Contamos tambi\u00e9n con una excelente capacidad para asesorar y aconsejar a nuestros alumnos.[\/vc_column_text][\/vc_column][\/vc_row][vc_row full_width=&#8221;stretch_row&#8221; css=&#8221;.vc_custom_1571047272233{padding-bottom: 30px !important;background-color: #00b6ba !important;}&#8221;][vc_column][vc_custom_heading text=&#8221;Conoce a nuestro equipo&#8221; font_container=&#8221;tag:h1|text_align:center|color:%23ffffff&#8221; google_fonts=&#8221;font_family:Open%20Sans%3A300%2C300italic%2Cregular%2Citalic%2C600%2C600italic%2C700%2C700italic%2C800%2C800italic|font_style:300%20light%20regular%3A300%3Anormal&#8221;][\/vc_column][\/vc_row][vc_row][vc_column][stm_teachers_grid image_size=&#8221;medium&#8221; per_page=&#8221;23&#8243;][\/vc_column][\/vc_row][vc_row full_width=&#8221;stretch_row&#8221; css=&#8221;.vc_custom_1571047272233{padding-bottom: 30px !important;background-color: #00b6ba !important;}&#8221;][vc_column][vc_custom_heading text=&#8221;Prueba de nivel&#8221; font_container=&#8221;tag:h2|text_align:center|color:%23ffffff&#8221; google_fonts=&#8221;font_family:Open%20Sans%3A300%2C300italic%2Cregular%2Citalic%2C600%2C600italic%2C700%2C700italic%2C800%2C800italic|font_style:600%20bold%20regular%3A600%3Anormal&#8221;][vc_column_text]<\/p>\n<p style=\"text-align: center; color: #fff;\">Evaluamos tu nivel y te recomendamos el curso de espa\u00f1ol ideal para ti.<br \/>\nNuestra Directora Acad\u00e9mica te dar\u00e1 pautas \u00fatiles para mejorar y acelerar tu progreso.<\/p>\n<p>[\/vc_column_text][\/vc_column][\/vc_row][vc_row full_width=&#8221;stretch_row&#8221; css=&#8221;.vc_custom_1571045453679{padding-bottom: 30px !important;background-color: #f4f4f4 !important;}&#8221;][vc_column][vc_custom_heading text=&#8221;Horario de apertura \/ Pagos \/ Otras informaciones&#8221; font_container=&#8221;tag:h2|text_align:center|color:%230a0a0a&#8221; google_fonts=&#8221;font_family:Open%20Sans%3A300%2C300italic%2Cregular%2Citalic%2C600%2C600italic%2C700%2C700italic%2C800%2C800italic|font_style:300%20light%20italic%3A300%3Aitalic&#8221;][vc_row_inner][vc_column_inner width=&#8221;1\/3&#8243;][vc_custom_heading text=&#8221;Horario de oficina&#8221; font_container=&#8221;tag:h3|text_align:left|color:%2300b6ba&#8221; google_fonts=&#8221;font_family:Open%20Sans%3A300%2C300italic%2Cregular%2Citalic%2C600%2C600italic%2C700%2C700italic%2C800%2C800italic|font_style:300%20light%20regular%3A300%3Anormal&#8221;][vc_column_text]De lunes a viernes de 9:00 a 19:30<br \/>\nS\u00e1bados de 10:00 a 16:30<br \/>\n*Durante este horario prestamos servicios de inscripci\u00f3n, consulta y asesoramiento sobre los cursos y tu nivel.[\/vc_column_text][\/vc_column_inner][vc_column_inner width=&#8221;1\/3&#8243;][vc_custom_heading text=&#8221;Horario de las clases&#8221; font_container=&#8221;tag:h3|text_align:left|color:%2300b6ba&#8221; google_fonts=&#8221;font_family:Open%20Sans%3A300%2C300italic%2Cregular%2Citalic%2C600%2C600italic%2C700%2C700italic%2C800%2C800italic|font_style:300%20light%20regular%3A300%3Anormal&#8221;][vc_column_text]De lunes a viernes, de 9:00 a 21:00<br \/>\nS\u00e1bados y domingos de 9:00 a 18:00<br \/>\nCerramos los d\u00edas festivos[\/vc_column_text][\/vc_column_inner][vc_column_inner width=&#8221;1\/3&#8243;][vc_custom_heading text=&#8221;Biblioteca del estudiante&#8221; font_container=&#8221;tag:h3|text_align:left|color:%2300b6ba&#8221; google_fonts=&#8221;font_family:Open%20Sans%3A300%2C300italic%2Cregular%2Citalic%2C600%2C600italic%2C700%2C700italic%2C800%2C800italic|font_style:300%20light%20regular%3A300%3Anormal&#8221;][vc_column_text]De lunes a viernes de 9:00 a 19:30<br \/>\nS\u00e1bados de 10:00 a 16:30<br \/>\nCerrada durante los d\u00edas festivos<br \/>\n*Durante este horario prestamos servicios de inscripci\u00f3n, consulta sobre los cursos y asesoramiento sobre \u00e9stos y tu nivel.[\/vc_column_text][\/vc_column_inner][\/vc_row_inner][\/vc_column][\/vc_row][vc_row][vc_column width=&#8221;1\/3&#8243;][vc_custom_heading text=&#8221;Nuestro centro&#8221; font_container=&#8221;tag:h3|text_align:left|color:%2300b6ba&#8221; google_fonts=&#8221;font_family:Open%20Sans%3A300%2C300italic%2Cregular%2Citalic%2C600%2C600italic%2C700%2C700italic%2C800%2C800italic|font_style:300%20light%20regular%3A300%3Anormal&#8221;][vc_column_text]Spanish World Singapur est\u00e1 situado en el coraz\u00f3n de la ciudad, en Bencoolen Street, a pocos minutos de las estaciones de MRT de Rochor, Dhoby Ghaut y Bugis.<br \/>\nActualmente nuestras instalaciones constan con m\u00e1s de 230 m2 divididos en 6 aulas totalmente equipadas con ordenadores y proyectores, as\u00ed como dispositivos de audio. Tambi\u00e9n contamos con una zona de biblioteca con materiales de lectura, audios y v\u00eddeos que pueden utilizar nuestros estudiantes al solicitarlo. Nuestro equipo docente disfruta de una sala de profesores que le permite preparar todas y cada una de las clases que imparten a nuestros alumnos.<br \/>\nNuestras clases est\u00e1n dise\u00f1adas para grupos reducidos de no m\u00e1s de 14 alumnos, lo que garantiza la comunicaci\u00f3n y participaci\u00f3n real de los estudiantes durante las sesiones. Nuestras aulas m\u00e1s reducidas son perfectas para clases de 4-5 alumnos, as\u00ed como para clases privadas. Puedes ver nuestras instalaciones pinchando aqu\u00ed.[\/vc_column_text][\/vc_column][vc_column width=&#8221;1\/3&#8243;][vc_custom_heading text=&#8221;M\u00e9todos de pago&#8221; font_container=&#8221;tag:h3|text_align:left|color:%2300b6ba&#8221; google_fonts=&#8221;font_family:Open%20Sans%3A300%2C300italic%2Cregular%2Citalic%2C600%2C600italic%2C700%2C700italic%2C800%2C800italic|font_style:300%20light%20regular%3A300%3Anormal&#8221;][vc_column_text]<\/p>\n<ul>\n<li>Cheque a nombre de LAS LILAS SCHOOL, por favor, env\u00edelo a 180B Bencoolen Street #08-01\/02. The Bencoolen (Office Tower) Singapore 189648<br \/>\nTransferencia bancaria a United Overseas Bank Limited. Nombre de la cuenta: LAS LILAS SCHOOL. N\u00ba de cuenta: 352-326-658-4*Por favor, env\u00edenos la copia del resguardo al siguiente correo electr\u00f3nico: sg@spanishworldgroup.com **<br \/>\nPagos con tarjeta de cr\u00e9dito, NETS y en efectivo durante nuestro horario de oficina<\/li>\n<\/ul>\n<p>[\/vc_column_text][vc_custom_heading text=&#8221;Horarios de consultas acad\u00e9micas&#8221; font_container=&#8221;tag:h3|text_align:left|color:%2300b6ba&#8221; google_fonts=&#8221;font_family:Open%20Sans%3A300%2C300italic%2Cregular%2Citalic%2C600%2C600italic%2C700%2C700italic%2C800%2C800italic|font_style:300%20light%20regular%3A300%3Anormal&#8221;][vc_column_text]Si nuestros estudiantes est\u00e1n interesados en recibir consejo acad\u00e9mico, pueden programar una reuni\u00f3n con nuestra Directora Acad\u00e9mica o Coordinadora de ni\u00f1os a trav\u00e9s del departamento de Administraci\u00f3n.[\/vc_column_text][\/vc_column][vc_column width=&#8221;1\/3&#8243;][vc_custom_heading text=&#8221;Comunicaci\u00f3n&#8221; font_container=&#8221;tag:h3|text_align:left|color:%2300b6ba&#8221; google_fonts=&#8221;font_family:Open%20Sans%3A300%2C300italic%2Cregular%2Citalic%2C600%2C600italic%2C700%2C700italic%2C800%2C800italic|font_style:300%20light%20regular%3A300%3Anormal&#8221;][vc_column_text]Nuestro personal administrativo habla con fluidez ingl\u00e9s, tagalo, bahasa y cebuano. El medio de comunicaci\u00f3n principal para consultas administrativas es a trav\u00e9s del correo electr\u00f3nico, el tel\u00e9fono o presencialmente durante las horas de oficina.<br \/>\nCon el fin de crear un ambiente \u00f3ptimo de aprendizaje en espa\u00f1ol para nuestros alumnos, los profesores intentan utilizar s\u00f3lo el espa\u00f1ol durante las clases. Sin embargo, cuando se trata de explicar conceptos complicados, acuden al ingl\u00e9s como m\u00e9todo de ayuda.[\/vc_column_text][\/vc_column][\/vc_row][vc_row][vc_column width=&#8221;1\/3&#8243;][vc_custom_heading text=&#8221;Escuelas locales e internacionales&#8221; font_container=&#8221;tag:h3|text_align:left|color:%2300b6ba&#8221; google_fonts=&#8221;font_family:Open%20Sans%3A300%2C300italic%2Cregular%2Citalic%2C600%2C600italic%2C700%2C700italic%2C800%2C800italic|font_style:300%20light%20regular%3A300%3Anormal&#8221;][vc_column_text]Spanish World Singapur lleva a\u00f1os trabajando con estudiantes de diferentes escuelas, tanto locales como internacionales. Algunas de ellas son:<br \/>\nCanadian International School (Singapore)<br \/>\nGerman European School Singapore<br \/>\nTanglin Trust School Singapore<br \/>\nNanyang Primary School Singapore<br \/>\nInvictus International Singapore<br \/>\nStamford American International School Singapore<br \/>\nUWCSEA Singapore United World College<br \/>\nOne World International School Singapore<br \/>\nDulwich College Singapore<br \/>\nESSEC Business School Singapore[\/vc_column_text][\/vc_column][vc_column width=&#8221;1\/3&#8243;][vc_custom_heading text=&#8221;Empresas&#8221; font_container=&#8221;tag:h3|text_align:left|color:%2300b6ba&#8221; google_fonts=&#8221;font_family:Open%20Sans%3A300%2C300italic%2Cregular%2Citalic%2C600%2C600italic%2C700%2C700italic%2C800%2C800italic|font_style:300%20light%20regular%3A300%3Anormal&#8221;][vc_column_text]Tambi\u00e9n trabajamos con numerosas empresas de renombre con el fin de mejorar el nivel de espa\u00f1ol de sus empleados. Algunos de nuestros clientes son:<br \/>\nEnforex<br \/>\nAe Idiomas<br \/>\nUnir (Universidad Internacional De La Rioja)<br \/>\nBBVA<br \/>\nBanco Santander<br \/>\nRepsol<br \/>\nPetronas<br \/>\nWeststar Aviation<br \/>\nConcha Y Toro<br \/>\nSingapore Airlines<br \/>\nCredit Suisse[\/vc_column_text][\/vc_column][vc_column width=&#8221;1\/3&#8243;][vc_custom_heading text=&#8221;Acreditaciones internacionales \/ Premios locales&#8221; font_container=&#8221;tag:h3|text_align:left|color:%2300b6ba&#8221; google_fonts=&#8221;font_family:Open%20Sans%3A300%2C300italic%2Cregular%2Citalic%2C600%2C600italic%2C700%2C700italic%2C800%2C800italic|font_style:300%20light%20regular%3A300%3Anormal&#8221;][vc_column_text]En 2007, Spanish World Singapur (anteriormente Las Lilas School) fue el primer centro acreditado del Instituto Cervantes en el sudeste asi\u00e1tico y, hasta la fecha, sigue siendo el \u00fanico centro acreditado en la regi\u00f3n.[\/vc_column_text][\/vc_column][\/vc_row]<\/p>\n","protected":false},"excerpt":{"rendered":"<p>[vc_row full_width=&#8221;stretch_row&#8221;][vc_column][vc_custom_heading text=&#8221;Spanish World Singapur es el \u00fanico centro oficial de ex\u00e1menes DELE en Singapur acreditado con el Sello de Calidad del Instituto Cervantes.&#8221; font_container=&#8221;tag:h1|text_align:center|color:%230a0a0a&#8221; google_fonts=&#8221;font_family:Open%20Sans%3A300%2C300italic%2Cregular%2Citalic%2C600%2C600italic%2C700%2C700italic%2C800%2C800italic|font_style:300%20light%20regular%3A300%3Anormal&#8221;][\/vc_column][\/vc_row][vc_row full_width=&#8221;stretch_row&#8221; css=&#8221;.vc_custom_1571045453679{padding-bottom: 30px !important;background-color: #f4f4f4 !important;}&#8221;][vc_column][vc_custom_heading text=&#8221;Nuestra misi\u00f3n es acercar el rico mundo del espa\u00f1ol a la gente de Asia para que, a trav\u00e9s del idioma, nuestros estudiantes puedan [&hellip;]<\/p>\n","protected":false},"author":1,"featured_media":0,"parent":0,"menu_order":0,"comment_status":"closed","ping_status":"closed","template":"","meta":{"footnotes":""},"class_list":["post-3887","page","type-page","status-publish","hentry"],"yoast_head":"<!-- This site is optimized with the Yoast SEO plugin v25.7 - https:\/\/yoast.com\/wordpress\/plugins\/seo\/ -->\n<title>Sobre nosotros - Spanish World Singapore<\/title>\n<meta name=\"robots\" content=\"index, follow, max-snippet:-1, max-image-preview:large, max-video-preview:-1\" \/>\n<link rel=\"canonical\" href=\"https:\/\/spanishworldgroup.com\/sg\/about-us\/?lang=es\" \/>\n<meta property=\"og:locale\" content=\"en_US\" \/>\n<meta property=\"og:type\" content=\"article\" \/>\n<meta property=\"og:title\" content=\"Sobre nosotros - Spanish World Singapore\" \/>\n<meta property=\"og:description\" content=\"[vc_row full_width=&#8221;stretch_row&#8221;][vc_column][vc_custom_heading text=&#8221;Spanish World Singapur es el \u00fanico centro oficial de ex\u00e1menes DELE en Singapur acreditado con el Sello de Calidad del Instituto Cervantes.&#8221; font_container=&#8221;tag:h1|text_align:center|color:%230a0a0a&#8221; google_fonts=&#8221;font_family:Open%20Sans%3A300%2C300italic%2Cregular%2Citalic%2C600%2C600italic%2C700%2C700italic%2C800%2C800italic|font_style:300%20light%20regular%3A300%3Anormal&#8221;][\/vc_column][\/vc_row][vc_row full_width=&#8221;stretch_row&#8221; css=&#8221;.vc_custom_1571045453679{padding-bottom: 30px !important;background-color: #f4f4f4 !important;}&#8221;][vc_column][vc_custom_heading text=&#8221;Nuestra misi\u00f3n es acercar el rico mundo del espa\u00f1ol a la gente de Asia para que, a trav\u00e9s del idioma, nuestros estudiantes puedan [&hellip;]\" \/>\n<meta property=\"og:url\" content=\"https:\/\/spanishworldgroup.com\/sg\/about-us\/?lang=es\" \/>\n<meta property=\"og:site_name\" content=\"Spanish World Singapore\" \/>\n<meta property=\"article:modified_time\" content=\"2021-09-08T05:46:18+00:00\" \/>\n<meta name=\"twitter:card\" content=\"summary_large_image\" \/>\n<meta name=\"twitter:label1\" content=\"Est. reading time\" \/>\n\t<meta name=\"twitter:data1\" content=\"11 minutes\" \/>\n<script type=\"application\/ld+json\" class=\"yoast-schema-graph\">{\"@context\":\"https:\/\/schema.org\",\"@graph\":[{\"@type\":\"WebPage\",\"@id\":\"https:\/\/spanishworldgroup.com\/sg\/about-us\/?lang=es\",\"url\":\"https:\/\/spanishworldgroup.com\/sg\/about-us\/?lang=es\",\"name\":\"Sobre nosotros - Spanish World Singapore\",\"isPartOf\":{\"@id\":\"https:\/\/spanishworldgroup.com\/sg\/#website\"},\"datePublished\":\"2021-07-08T08:58:47+00:00\",\"dateModified\":\"2021-09-08T05:46:18+00:00\",\"breadcrumb\":{\"@id\":\"https:\/\/spanishworldgroup.com\/sg\/about-us\/?lang=es#breadcrumb\"},\"inLanguage\":\"en-US\",\"potentialAction\":[{\"@type\":\"ReadAction\",\"target\":[\"https:\/\/spanishworldgroup.com\/sg\/about-us\/?lang=es\"]}]},{\"@type\":\"BreadcrumbList\",\"@id\":\"https:\/\/spanishworldgroup.com\/sg\/about-us\/?lang=es#breadcrumb\",\"itemListElement\":[{\"@type\":\"ListItem\",\"position\":1,\"name\":\"Home\",\"item\":\"https:\/\/spanishworldgroup.com\/sg\/front-page-static-header-2-2\/\"},{\"@type\":\"ListItem\",\"position\":2,\"name\":\"Sobre nosotros\"}]},{\"@type\":\"WebSite\",\"@id\":\"https:\/\/spanishworldgroup.com\/sg\/#website\",\"url\":\"https:\/\/spanishworldgroup.com\/sg\/\",\"name\":\"Spanish World Singapore\",\"description\":\"Learn Spanish in Singapore | Courses and Private Lessons for All Levels\",\"potentialAction\":[{\"@type\":\"SearchAction\",\"target\":{\"@type\":\"EntryPoint\",\"urlTemplate\":\"https:\/\/spanishworldgroup.com\/sg\/?s={search_term_string}\"},\"query-input\":{\"@type\":\"PropertyValueSpecification\",\"valueRequired\":true,\"valueName\":\"search_term_string\"}}],\"inLanguage\":\"en-US\"}]}<\/script>\n<!-- \/ Yoast SEO plugin. -->","yoast_head_json":{"title":"Sobre nosotros - Spanish World Singapore","robots":{"index":"index","follow":"follow","max-snippet":"max-snippet:-1","max-image-preview":"max-image-preview:large","max-video-preview":"max-video-preview:-1"},"canonical":"https:\/\/spanishworldgroup.com\/sg\/about-us\/?lang=es","og_locale":"en_US","og_type":"article","og_title":"Sobre nosotros - Spanish World Singapore","og_description":"[vc_row full_width=&#8221;stretch_row&#8221;][vc_column][vc_custom_heading text=&#8221;Spanish World Singapur es el \u00fanico centro oficial de ex\u00e1menes DELE en Singapur acreditado con el Sello de Calidad del Instituto Cervantes.&#8221; font_container=&#8221;tag:h1|text_align:center|color:%230a0a0a&#8221; google_fonts=&#8221;font_family:Open%20Sans%3A300%2C300italic%2Cregular%2Citalic%2C600%2C600italic%2C700%2C700italic%2C800%2C800italic|font_style:300%20light%20regular%3A300%3Anormal&#8221;][\/vc_column][\/vc_row][vc_row full_width=&#8221;stretch_row&#8221; css=&#8221;.vc_custom_1571045453679{padding-bottom: 30px !important;background-color: #f4f4f4 !important;}&#8221;][vc_column][vc_custom_heading text=&#8221;Nuestra misi\u00f3n es acercar el rico mundo del espa\u00f1ol a la gente de Asia para que, a trav\u00e9s del idioma, nuestros estudiantes puedan [&hellip;]","og_url":"https:\/\/spanishworldgroup.com\/sg\/about-us\/?lang=es","og_site_name":"Spanish World Singapore","article_modified_time":"2021-09-08T05:46:18+00:00","twitter_card":"summary_large_image","twitter_misc":{"Est. reading time":"11 minutes"},"schema":{"@context":"https:\/\/schema.org","@graph":[{"@type":"WebPage","@id":"https:\/\/spanishworldgroup.com\/sg\/about-us\/?lang=es","url":"https:\/\/spanishworldgroup.com\/sg\/about-us\/?lang=es","name":"Sobre nosotros - Spanish World Singapore","isPartOf":{"@id":"https:\/\/spanishworldgroup.com\/sg\/#website"},"datePublished":"2021-07-08T08:58:47+00:00","dateModified":"2021-09-08T05:46:18+00:00","breadcrumb":{"@id":"https:\/\/spanishworldgroup.com\/sg\/about-us\/?lang=es#breadcrumb"},"inLanguage":"en-US","potentialAction":[{"@type":"ReadAction","target":["https:\/\/spanishworldgroup.com\/sg\/about-us\/?lang=es"]}]},{"@type":"BreadcrumbList","@id":"https:\/\/spanishworldgroup.com\/sg\/about-us\/?lang=es#breadcrumb","itemListElement":[{"@type":"ListItem","position":1,"name":"Home","item":"https:\/\/spanishworldgroup.com\/sg\/front-page-static-header-2-2\/"},{"@type":"ListItem","position":2,"name":"Sobre nosotros"}]},{"@type":"WebSite","@id":"https:\/\/spanishworldgroup.com\/sg\/#website","url":"https:\/\/spanishworldgroup.com\/sg\/","name":"Spanish World Singapore","description":"Learn Spanish in Singapore | Courses and Private Lessons for All Levels","potentialAction":[{"@type":"SearchAction","target":{"@type":"EntryPoint","urlTemplate":"https:\/\/spanishworldgroup.com\/sg\/?s={search_term_string}"},"query-input":{"@type":"PropertyValueSpecification","valueRequired":true,"valueName":"search_term_string"}}],"inLanguage":"en-US"}]}},"_links":{"self":[{"href":"https:\/\/spanishworldgroup.com\/sg\/wp-json\/wp\/v2\/pages\/3887","targetHints":{"allow":["GET"]}}],"collection":[{"href":"https:\/\/spanishworldgroup.com\/sg\/wp-json\/wp\/v2\/pages"}],"about":[{"href":"https:\/\/spanishworldgroup.com\/sg\/wp-json\/wp\/v2\/types\/page"}],"author":[{"embeddable":true,"href":"https:\/\/spanishworldgroup.com\/sg\/wp-json\/wp\/v2\/users\/1"}],"replies":[{"embeddable":true,"href":"https:\/\/spanishworldgroup.com\/sg\/wp-json\/wp\/v2\/comments?post=3887"}],"version-history":[{"count":7,"href":"https:\/\/spanishworldgroup.com\/sg\/wp-json\/wp\/v2\/pages\/3887\/revisions"}],"predecessor-version":[{"id":4268,"href":"https:\/\/spanishworldgroup.com\/sg\/wp-json\/wp\/v2\/pages\/3887\/revisions\/4268"}],"wp:attachment":[{"href":"https:\/\/spanishworldgroup.com\/sg\/wp-json\/wp\/v2\/media?parent=3887"}],"curies":[{"name":"wp","href":"https:\/\/api.w.org\/{rel}","templated":true}]}}