{"id":3901,"date":"2019-10-16T03:52:49","date_gmt":"2019-10-16T03:52:49","guid":{"rendered":"https:\/\/spanishworldgroup.com\/sg\/cervantes-quality-seal\/"},"modified":"2021-09-08T13:51:48","modified_gmt":"2021-09-08T05:51:48","slug":"cervantes-quality-seal","status":"publish","type":"page","link":"https:\/\/spanishworldgroup.com\/sg\/cervantes-quality-seal\/?lang=es","title":{"rendered":"Sello cervantes"},"content":{"rendered":"<p>[vc_row full_width=&#8221;stretch_row&#8221;][vc_column][vc_custom_heading text=&#8221;El \u00fanico centro espa\u00f1ol acreditado por el Instituto Cervantes en Singapur&#8221; font_container=&#8221;tag:h1|text_align:center|color:%230a0a0a&#8221; google_fonts=&#8221;font_family:Open%20Sans%3A300%2C300italic%2Cregular%2Citalic%2C600%2C600italic%2C700%2C700italic%2C800%2C800italic|font_style:300%20light%20regular%3A300%3Anormal&#8221;][\/vc_column][\/vc_row][vc_row full_width=&#8221;stretch_row&#8221; css=&#8221;.vc_custom_1571045453679{padding-bottom: 30px !important;background-color: #f4f4f4 !important;}&#8221;][vc_column][vc_column_text]<\/p>\n<p style=\"text-align: center;\"><span style=\"font-weight: 400;\">Spanish World School ha obtenido la acreditaci\u00f3n del Instituto Cervantes, lo que significa que cumple con las condiciones establecidas por el Sistema de Acreditaci\u00f3n de Centros Instituto Cervantes, la \u00fanica acreditaci\u00f3n en el \u00e1mbito internacional centrada exclusivamente en la ense\u00f1anza de espa\u00f1ol como lengua extranjera.<\/span><\/p>\n<p>[\/vc_column_text][vc_custom_heading text=&#8221;Sello de Calidad del Instituto Cervantes&#8221; font_container=&#8221;tag:h2|text_align:center|color:%2300b6ba&#8221; google_fonts=&#8221;font_family:Open%20Sans%3A300%2C300italic%2Cregular%2Citalic%2C600%2C600italic%2C700%2C700italic%2C800%2C800italic|font_style:300%20light%20regular%3A300%3Anormal&#8221;][vc_column_text css=&#8221;.vc_custom_1625738537295{padding-top: 20px !important;}&#8221;]<\/p>\n<p style=\"text-align: center;\">Solo hay 4 centros acreditados en toda Asia, incluy\u00e9ndonos a nosotros. Lo invitamos aqu\u00ed para descubrir por qu\u00e9 esto es importante para aprendizaje como estudiante y por qu\u00e9 es crucial.<\/p>\n<p>[\/vc_column_text][\/vc_column][\/vc_row][vc_row][vc_column width=&#8221;1\/3&#8243;][vc_custom_heading text=&#8221;Como estudiante, \u00bfpor qu\u00e9 deber\u00eda importarme en qu\u00e9 centro estudio?&#8221; font_container=&#8221;tag:h2|text_align:left|color:%2300b6ba&#8221; google_fonts=&#8221;font_family:Open%20Sans%3A300%2C300italic%2Cregular%2Citalic%2C600%2C600italic%2C700%2C700italic%2C800%2C800italic|font_style:300%20light%20regular%3A300%3Anormal&#8221;][vc_column_text]Si decides aprender espa\u00f1ol en una escuela acreditada oficialmente tendr\u00e1s la seguridad de los servicios de un equipo de profesores titulados que te guiar\u00e1n a lo largo de tu curso de estudios, y que se adaptar\u00e1n a tus necesidades y dar\u00e1n respuesta a tus consultas. Todas estas escuelas realizan evaluaciones de sus planes de estudios y programas. Cuentan con aulas debidamente equipadas, brindan informaci\u00f3n detallada sobre sus servicios y valoran las opiniones de sus usuarios.[\/vc_column_text][\/vc_column][vc_column width=&#8221;1\/3&#8243;][vc_column_text]<\/p>\n<div style=\"padding-top: 20px;\">Los alumnos de un Centro acreditado por el Instituto Cervantes han elegido un Centro que:<br \/>\n\u2022 Cumple con los requisitos legales establecidos para la docencia.<br \/>\n\u2022 Tiene un plan de estudios que garantiza un adecuado proceso de aprendizaje para los estudiantes.<br \/>\n\u2022 Cuenta con un equipo de profesores calificados.<br \/>\n\u2022 Sigue una metodolog\u00eda adaptada a las necesidades de los estudiantes.<br \/>\n\u2022 Realiza evaluaciones de programas y cursos.<br \/>\n\u2022 Promueve la realizaci\u00f3n de los ex\u00e1menes conducentes a los Diplomas de Espa\u00f1ol como Lengua Extranjera (DELE) por parte de los alumnos en el propio Centro o en Centros vecinos.<br \/>\n\u2022 Proporciona orientaci\u00f3n a los estudiantes para que progresen en su aprendizaje del espa\u00f1ol.<br \/>\n\u2022 Tiene aulas equipadas e instalaciones adecuadas para la ense\u00f1anza.<br \/>\n\u2022 Tiene procedimientos \u00e1giles para obtener la opini\u00f3n de los usuarios.<br \/>\n\u2022 Responde a las quejas y demandas de los estudiantes.<br \/>\n\u2022 Ofrece una informaci\u00f3n completa y detallada sobre los cursos y servicios que ofrece.<br \/>\n\u2022 Anuncia su oferta de manera veraz.<\/div>\n<p>[\/vc_column_text][\/vc_column][vc_column width=&#8221;1\/3&#8243;][vc_custom_heading text=&#8221;\u00bfC\u00f3mo puedo saber si una escuela ha sido verdaderamente \u201cacreditada\u201d por el Instituto Cervantes?&#8221; font_container=&#8221;tag:h2|text_align:left|color:%2300b6ba&#8221; google_fonts=&#8221;font_family:Open%20Sans%3A300%2C300italic%2Cregular%2Citalic%2C600%2C600italic%2C700%2C700italic%2C800%2C800italic|font_style:300%20light%20regular%3A300%3Anormal&#8221;][vc_column_text]Primero debe tener el SEAL oficial en sus instalaciones y sitio web proporcionado por el Instituto Cervantes. Puede encontrar la lista oficial de centros acreditados en todo el mundo aqu\u00ed:<br \/>\n<a href=\"https:\/\/acreditacion.cervantes.es\/centros_mundo.htm\">https:\/\/acreditacion.cervantes.es\/centros_mundo.htm<\/a><\/p>\n<p><a href=\"https:\/\/acreditacion.cervantes.es\/centros_espana.htm\">https:\/\/acreditacion.cervantes.es\/centros_espana.htm<\/a>[\/vc_column_text][\/vc_column][\/vc_row][vc_row full_width=&#8221;stretch_row&#8221; css=&#8221;.vc_custom_1571198308571{padding-bottom: 30px !important;}&#8221;][vc_column][vc_custom_heading text=&#8221;\u00bfCu\u00e1les son exactamente los criterios para obtener el Sello de Calidad del Instituto Cervantes?&#8221; font_container=&#8221;tag:h1|text_align:center&#8221; google_fonts=&#8221;font_family:Open%20Sans%3A300%2C300italic%2Cregular%2Citalic%2C600%2C600italic%2C700%2C700italic%2C800%2C800italic|font_style:300%20light%20regular%3A300%3Anormal&#8221;][\/vc_column][\/vc_row][vc_row full_width=&#8221;stretch_row&#8221; css=&#8221;.vc_custom_1571198748246{background-color: #f4f4f4 !important;}&#8221;][vc_column width=&#8221;1\/3&#8243;][vc_column_text]El proceso de acreditaci\u00f3n del Instituto Cervantes consiste en un sistema de condiciones, requisitos e indicadores que deben cumplir los centros que se dedican a la ense\u00f1anza del espa\u00f1ol como lengua extranjera (ELE). Implica superar una evaluaci\u00f3n exhaustiva de los programas acad\u00e9micos, est\u00e1ndares de ense\u00f1anza, instalaciones y equipos, organizaci\u00f3n administrativa e informaci\u00f3n y publicidad.<\/p>\n<p>Se trata, por tanto, de un medio para asegurar altos est\u00e1ndares de calidad en la ense\u00f1anza de la lengua espa\u00f1ola, tanto en Espa\u00f1a como en el extranjero, con un sistema uniforme de aprendizaje de la lengua en cada nivel que garantiza los servicios y actividades complementarios que ofrece cada centro.[\/vc_column_text][\/vc_column][vc_column width=&#8221;1\/3&#8243; el_class=&#8221;button-table&#8221;][vc_single_image image=&#8221;1591&#8243; img_size=&#8221;medium&#8221;][vc_custom_heading text=&#8221;\u00bfQu\u00e9 es el Instituto Cervantes \/ Instituto Cervantes?&#8221; font_container=&#8221;tag:h2|text_align:left|color:%2300b6ba&#8221; google_fonts=&#8221;font_family:Open%20Sans%3A300%2C300italic%2Cregular%2Citalic%2C600%2C600italic%2C700%2C700italic%2C800%2C800italic|font_style:300%20light%20regular%3A300%3Anormal&#8221;][vc_column_text el_class=&#8221;button-table-text&#8221;]El Instituto Cervantes es una organizaci\u00f3n global, p\u00fablica y sin \u00e1nimo de lucro con sede en Espa\u00f1a que tiene la misi\u00f3n de promover el idioma espa\u00f1ol, la cultura y el legado de todos los pa\u00edses de habla hispana. El Instituto Cervantes es, por tanto, la autoridad oficial m\u00e1s importante en todo lo relativo a la lengua espa\u00f1ola, comparable, por ejemplo, al British Council en lo que respecta a la lengua inglesa.[\/vc_column_text][vc_btn title=&#8221;More Information&#8221; color=&#8221;danger&#8221; align=&#8221;left&#8221; link=&#8221;url:https%3A%2F%2Fwww.cervantes.es%2Fdefault.htm||target:%20_blank|&#8221; el_class=&#8221;button-table-btn&#8221;][\/vc_column][vc_column width=&#8221;1\/3&#8243; el_class=&#8221;button-table&#8221;][vc_single_image image=&#8221;1592&#8243; img_size=&#8221;medium&#8221; el_class=&#8221;button_table&#8221;][vc_custom_heading text=&#8221;\u00bfQu\u00e9 es el Sistema de Acreditaci\u00f3n de Centros del Instituto Cervantes?&#8221; font_container=&#8221;tag:h2|text_align:left|color:%2300b6ba&#8221; google_fonts=&#8221;font_family:Open%20Sans%3A300%2C300italic%2Cregular%2Citalic%2C600%2C600italic%2C700%2C700italic%2C800%2C800italic|font_style:300%20light%20regular%3A300%3Anormal&#8221;][vc_column_text el_class=&#8221;button-table-text&#8221;]Con el fin de garantizar la calidad de la ense\u00f1anza del idioma espa\u00f1ol, el Instituto Cervantes cre\u00f3 un Sello \/ Acreditaci\u00f3n de Calidad que pueden obtener los centros de idiomas de calidad despu\u00e9s de pasar exhaustivas pruebas e inspecciones in situ. El Sello de Calidad Cervantes es el \u00fanico sello reconocido internacionalmente en el mundo.[\/vc_column_text][vc_btn title=&#8221;More Information&#8221; color=&#8221;danger&#8221; align=&#8221;left&#8221; link=&#8221;url:https%3A%2F%2Facreditacion.cervantes.es%2Festudiantes%2Fque_es_en.htm||target:%20_blank|&#8221; el_class=&#8221;button-table-btn&#8221;][\/vc_column][\/vc_row]<\/p>\n","protected":false},"excerpt":{"rendered":"<p>[vc_row full_width=&#8221;stretch_row&#8221;][vc_column][vc_custom_heading text=&#8221;El \u00fanico centro espa\u00f1ol acreditado por el Instituto Cervantes en Singapur&#8221; font_container=&#8221;tag:h1|text_align:center|color:%230a0a0a&#8221; google_fonts=&#8221;font_family:Open%20Sans%3A300%2C300italic%2Cregular%2Citalic%2C600%2C600italic%2C700%2C700italic%2C800%2C800italic|font_style:300%20light%20regular%3A300%3Anormal&#8221;][\/vc_column][\/vc_row][vc_row full_width=&#8221;stretch_row&#8221; css=&#8221;.vc_custom_1571045453679{padding-bottom: 30px !important;background-color: #f4f4f4 !important;}&#8221;][vc_column][vc_column_text] Spanish World School ha obtenido la acreditaci\u00f3n del Instituto Cervantes, lo que significa que cumple con las condiciones establecidas por el Sistema de Acreditaci\u00f3n de Centros Instituto Cervantes, la \u00fanica acreditaci\u00f3n en el \u00e1mbito [&hellip;]<\/p>\n","protected":false},"author":1,"featured_media":0,"parent":0,"menu_order":0,"comment_status":"closed","ping_status":"closed","template":"","meta":{"footnotes":""},"class_list":["post-3901","page","type-page","status-publish","hentry"],"yoast_head":"<!-- This site is optimized with the Yoast SEO plugin v25.7 - https:\/\/yoast.com\/wordpress\/plugins\/seo\/ -->\n<title>Sello cervantes - Spanish World Singapore<\/title>\n<meta name=\"robots\" content=\"index, follow, max-snippet:-1, max-image-preview:large, max-video-preview:-1\" \/>\n<link rel=\"canonical\" href=\"https:\/\/spanishworldgroup.com\/sg\/cervantes-quality-seal\/?lang=es\" \/>\n<meta property=\"og:locale\" content=\"en_US\" \/>\n<meta property=\"og:type\" content=\"article\" \/>\n<meta property=\"og:title\" content=\"Sello cervantes - Spanish World Singapore\" \/>\n<meta property=\"og:description\" content=\"[vc_row full_width=&#8221;stretch_row&#8221;][vc_column][vc_custom_heading text=&#8221;El \u00fanico centro espa\u00f1ol acreditado por el Instituto Cervantes en Singapur&#8221; font_container=&#8221;tag:h1|text_align:center|color:%230a0a0a&#8221; google_fonts=&#8221;font_family:Open%20Sans%3A300%2C300italic%2Cregular%2Citalic%2C600%2C600italic%2C700%2C700italic%2C800%2C800italic|font_style:300%20light%20regular%3A300%3Anormal&#8221;][\/vc_column][\/vc_row][vc_row full_width=&#8221;stretch_row&#8221; css=&#8221;.vc_custom_1571045453679{padding-bottom: 30px !important;background-color: #f4f4f4 !important;}&#8221;][vc_column][vc_column_text] Spanish World School ha obtenido la acreditaci\u00f3n del Instituto Cervantes, lo que significa que cumple con las condiciones establecidas por el Sistema de Acreditaci\u00f3n de Centros Instituto Cervantes, la \u00fanica acreditaci\u00f3n en el \u00e1mbito [&hellip;]\" \/>\n<meta property=\"og:url\" content=\"https:\/\/spanishworldgroup.com\/sg\/cervantes-quality-seal\/?lang=es\" \/>\n<meta property=\"og:site_name\" content=\"Spanish World Singapore\" \/>\n<meta property=\"article:modified_time\" content=\"2021-09-08T05:51:48+00:00\" \/>\n<meta name=\"twitter:card\" content=\"summary_large_image\" \/>\n<meta name=\"twitter:label1\" content=\"Est. reading time\" \/>\n\t<meta name=\"twitter:data1\" content=\"6 minutes\" \/>\n<script type=\"application\/ld+json\" class=\"yoast-schema-graph\">{\"@context\":\"https:\/\/schema.org\",\"@graph\":[{\"@type\":\"WebPage\",\"@id\":\"https:\/\/spanishworldgroup.com\/sg\/cervantes-quality-seal\/?lang=es\",\"url\":\"https:\/\/spanishworldgroup.com\/sg\/cervantes-quality-seal\/?lang=es\",\"name\":\"Sello cervantes - Spanish World Singapore\",\"isPartOf\":{\"@id\":\"https:\/\/spanishworldgroup.com\/sg\/#website\"},\"datePublished\":\"2019-10-16T03:52:49+00:00\",\"dateModified\":\"2021-09-08T05:51:48+00:00\",\"breadcrumb\":{\"@id\":\"https:\/\/spanishworldgroup.com\/sg\/cervantes-quality-seal\/?lang=es#breadcrumb\"},\"inLanguage\":\"en-US\",\"potentialAction\":[{\"@type\":\"ReadAction\",\"target\":[\"https:\/\/spanishworldgroup.com\/sg\/cervantes-quality-seal\/?lang=es\"]}]},{\"@type\":\"BreadcrumbList\",\"@id\":\"https:\/\/spanishworldgroup.com\/sg\/cervantes-quality-seal\/?lang=es#breadcrumb\",\"itemListElement\":[{\"@type\":\"ListItem\",\"position\":1,\"name\":\"Home\",\"item\":\"https:\/\/spanishworldgroup.com\/sg\/front-page-static-header-2-2\/\"},{\"@type\":\"ListItem\",\"position\":2,\"name\":\"Sello cervantes\"}]},{\"@type\":\"WebSite\",\"@id\":\"https:\/\/spanishworldgroup.com\/sg\/#website\",\"url\":\"https:\/\/spanishworldgroup.com\/sg\/\",\"name\":\"Spanish World Singapore\",\"description\":\"Learn Spanish in Singapore | Courses and Private Lessons for All Levels\",\"potentialAction\":[{\"@type\":\"SearchAction\",\"target\":{\"@type\":\"EntryPoint\",\"urlTemplate\":\"https:\/\/spanishworldgroup.com\/sg\/?s={search_term_string}\"},\"query-input\":{\"@type\":\"PropertyValueSpecification\",\"valueRequired\":true,\"valueName\":\"search_term_string\"}}],\"inLanguage\":\"en-US\"}]}<\/script>\n<!-- \/ Yoast SEO plugin. -->","yoast_head_json":{"title":"Sello cervantes - Spanish World Singapore","robots":{"index":"index","follow":"follow","max-snippet":"max-snippet:-1","max-image-preview":"max-image-preview:large","max-video-preview":"max-video-preview:-1"},"canonical":"https:\/\/spanishworldgroup.com\/sg\/cervantes-quality-seal\/?lang=es","og_locale":"en_US","og_type":"article","og_title":"Sello cervantes - Spanish World Singapore","og_description":"[vc_row full_width=&#8221;stretch_row&#8221;][vc_column][vc_custom_heading text=&#8221;El \u00fanico centro espa\u00f1ol acreditado por el Instituto Cervantes en Singapur&#8221; font_container=&#8221;tag:h1|text_align:center|color:%230a0a0a&#8221; google_fonts=&#8221;font_family:Open%20Sans%3A300%2C300italic%2Cregular%2Citalic%2C600%2C600italic%2C700%2C700italic%2C800%2C800italic|font_style:300%20light%20regular%3A300%3Anormal&#8221;][\/vc_column][\/vc_row][vc_row full_width=&#8221;stretch_row&#8221; css=&#8221;.vc_custom_1571045453679{padding-bottom: 30px !important;background-color: #f4f4f4 !important;}&#8221;][vc_column][vc_column_text] Spanish World School ha obtenido la acreditaci\u00f3n del Instituto Cervantes, lo que significa que cumple con las condiciones establecidas por el Sistema de Acreditaci\u00f3n de Centros Instituto Cervantes, la \u00fanica acreditaci\u00f3n en el \u00e1mbito [&hellip;]","og_url":"https:\/\/spanishworldgroup.com\/sg\/cervantes-quality-seal\/?lang=es","og_site_name":"Spanish World Singapore","article_modified_time":"2021-09-08T05:51:48+00:00","twitter_card":"summary_large_image","twitter_misc":{"Est. reading time":"6 minutes"},"schema":{"@context":"https:\/\/schema.org","@graph":[{"@type":"WebPage","@id":"https:\/\/spanishworldgroup.com\/sg\/cervantes-quality-seal\/?lang=es","url":"https:\/\/spanishworldgroup.com\/sg\/cervantes-quality-seal\/?lang=es","name":"Sello cervantes - Spanish World Singapore","isPartOf":{"@id":"https:\/\/spanishworldgroup.com\/sg\/#website"},"datePublished":"2019-10-16T03:52:49+00:00","dateModified":"2021-09-08T05:51:48+00:00","breadcrumb":{"@id":"https:\/\/spanishworldgroup.com\/sg\/cervantes-quality-seal\/?lang=es#breadcrumb"},"inLanguage":"en-US","potentialAction":[{"@type":"ReadAction","target":["https:\/\/spanishworldgroup.com\/sg\/cervantes-quality-seal\/?lang=es"]}]},{"@type":"BreadcrumbList","@id":"https:\/\/spanishworldgroup.com\/sg\/cervantes-quality-seal\/?lang=es#breadcrumb","itemListElement":[{"@type":"ListItem","position":1,"name":"Home","item":"https:\/\/spanishworldgroup.com\/sg\/front-page-static-header-2-2\/"},{"@type":"ListItem","position":2,"name":"Sello cervantes"}]},{"@type":"WebSite","@id":"https:\/\/spanishworldgroup.com\/sg\/#website","url":"https:\/\/spanishworldgroup.com\/sg\/","name":"Spanish World Singapore","description":"Learn Spanish in Singapore | Courses and Private Lessons for All Levels","potentialAction":[{"@type":"SearchAction","target":{"@type":"EntryPoint","urlTemplate":"https:\/\/spanishworldgroup.com\/sg\/?s={search_term_string}"},"query-input":{"@type":"PropertyValueSpecification","valueRequired":true,"valueName":"search_term_string"}}],"inLanguage":"en-US"}]}},"_links":{"self":[{"href":"https:\/\/spanishworldgroup.com\/sg\/wp-json\/wp\/v2\/pages\/3901","targetHints":{"allow":["GET"]}}],"collection":[{"href":"https:\/\/spanishworldgroup.com\/sg\/wp-json\/wp\/v2\/pages"}],"about":[{"href":"https:\/\/spanishworldgroup.com\/sg\/wp-json\/wp\/v2\/types\/page"}],"author":[{"embeddable":true,"href":"https:\/\/spanishworldgroup.com\/sg\/wp-json\/wp\/v2\/users\/1"}],"replies":[{"embeddable":true,"href":"https:\/\/spanishworldgroup.com\/sg\/wp-json\/wp\/v2\/comments?post=3901"}],"version-history":[{"count":6,"href":"https:\/\/spanishworldgroup.com\/sg\/wp-json\/wp\/v2\/pages\/3901\/revisions"}],"predecessor-version":[{"id":4270,"href":"https:\/\/spanishworldgroup.com\/sg\/wp-json\/wp\/v2\/pages\/3901\/revisions\/4270"}],"wp:attachment":[{"href":"https:\/\/spanishworldgroup.com\/sg\/wp-json\/wp\/v2\/media?parent=3901"}],"curies":[{"name":"wp","href":"https:\/\/api.w.org\/{rel}","templated":true}]}}