{"id":3905,"date":"2019-10-16T04:23:12","date_gmt":"2019-10-16T04:23:12","guid":{"rendered":"https:\/\/spanishworldgroup.com\/sg\/student-support\/"},"modified":"2021-07-08T18:13:14","modified_gmt":"2021-07-08T10:13:14","slug":"student-support","status":"publish","type":"page","link":"https:\/\/spanishworldgroup.com\/sg\/student-support\/?lang=es","title":{"rendered":"APOYO AL ESTUDIANTE"},"content":{"rendered":"<p>[vc_row][vc_column][vc_column_text]En Spanish World Singapore, te acompa\u00f1a un grupo de personal apasionado y profesional en el camino del aprendizaje del espa\u00f1ol. Para que tu experiencia de aprendizaje sea agradable y efectiva, puedes encontrar aqu\u00ed toda la informaci\u00f3n que necesites.<\/p>\n<p>Por supuesto, si tienes alguna duda, ponte en contacto con nosotros. Siempre estaremos encantados de ayudarte. \u00a1Empecemos el viaje![\/vc_column_text][\/vc_column][\/vc_row][vc_row][vc_column width=&#8221;1\/3&#8243;][vc_single_image image=&#8221;1633&#8243; img_size=&#8221;49&#215;50&#8243; alignment=&#8221;center&#8221; css=&#8221;.vc_custom_1571199677011{margin-left: 10px !important;}&#8221;][vc_column_text]<\/p>\n<h3 style=\"text-align: center;\"><a href=\"\/sg\/registration-communication-payment\">Inscripci\u00f3n, comunicaci\u00f3n y pago<br \/>\n<\/a><\/h3>\n<p>[\/vc_column_text][\/vc_column][vc_column width=&#8221;1\/3&#8243;][vc_single_image image=&#8221;1634&#8243; img_size=&#8221;65&#215;50&#8243; alignment=&#8221;center&#8221;][vc_column_text]<\/p>\n<h3 style=\"text-align: center;\"><a href=\"academic-advisory\">Asesoramiento acad\u00e9mico<br \/>\n<\/a><\/h3>\n<p>[\/vc_column_text][\/vc_column][vc_column width=&#8221;1\/3&#8243;][vc_single_image image=&#8221;1631&#8243; img_size=&#8221;50&#215;50&#8243; alignment=&#8221;center&#8221;][vc_column_text css=&#8221;.vc_custom_1625739177305{padding-bottom: 20px !important;}&#8221;]<\/p>\n<h3 style=\"text-align: center;\"><a href=\"\/sg\/calendar\">Calendario<br \/>\n<\/a><\/h3>\n<p>[\/vc_column_text][\/vc_column][\/vc_row][vc_row][vc_column width=&#8221;1\/3&#8243;][vc_single_image image=&#8221;1635&#8243; img_size=&#8221;38&#215;50&#8243; alignment=&#8221;center&#8221;][vc_column_text]<\/p>\n<h3 style=\"text-align: center;\"><a href=\"\/sg\/personal-information-collection-statement\">Declaraci\u00f3n de recogida de informaci\u00f3n personal (pol\u00edtica de privacidad)<br \/>\n<\/a><\/h3>\n<p>[\/vc_column_text][\/vc_column][vc_column width=&#8221;1\/3&#8243;][\/vc_column][vc_column width=&#8221;1\/3&#8243;][\/vc_column][\/vc_row][vc_row][vc_column][\/vc_column][\/vc_row]<\/p>\n","protected":false},"excerpt":{"rendered":"<p>[vc_row][vc_column][vc_column_text]En Spanish World Singapore, te acompa\u00f1a un grupo de personal apasionado y profesional en el camino del aprendizaje del espa\u00f1ol. Para que tu experiencia de aprendizaje sea agradable y efectiva, puedes encontrar aqu\u00ed toda la informaci\u00f3n que necesites. Por supuesto, si tienes alguna duda, ponte en contacto con nosotros. Siempre estaremos encantados de ayudarte. \u00a1Empecemos [&hellip;]<\/p>\n","protected":false},"author":1,"featured_media":0,"parent":0,"menu_order":0,"comment_status":"closed","ping_status":"closed","template":"","meta":{"footnotes":""},"class_list":["post-3905","page","type-page","status-publish","hentry"],"yoast_head":"<!-- This site is optimized with the Yoast SEO plugin v25.7 - https:\/\/yoast.com\/wordpress\/plugins\/seo\/ -->\n<title>APOYO AL ESTUDIANTE - Spanish World Singapore<\/title>\n<meta name=\"robots\" content=\"index, follow, max-snippet:-1, max-image-preview:large, max-video-preview:-1\" \/>\n<link rel=\"canonical\" href=\"https:\/\/spanishworldgroup.com\/sg\/student-support\/?lang=es\" \/>\n<meta property=\"og:locale\" content=\"en_US\" \/>\n<meta property=\"og:type\" content=\"article\" \/>\n<meta property=\"og:title\" content=\"APOYO AL ESTUDIANTE - Spanish World Singapore\" \/>\n<meta property=\"og:description\" content=\"[vc_row][vc_column][vc_column_text]En Spanish World Singapore, te acompa\u00f1a un grupo de personal apasionado y profesional en el camino del aprendizaje del espa\u00f1ol. Para que tu experiencia de aprendizaje sea agradable y efectiva, puedes encontrar aqu\u00ed toda la informaci\u00f3n que necesites. Por supuesto, si tienes alguna duda, ponte en contacto con nosotros. Siempre estaremos encantados de ayudarte. \u00a1Empecemos [&hellip;]\" \/>\n<meta property=\"og:url\" content=\"https:\/\/spanishworldgroup.com\/sg\/student-support\/?lang=es\" \/>\n<meta property=\"og:site_name\" content=\"Spanish World Singapore\" \/>\n<meta property=\"article:modified_time\" content=\"2021-07-08T10:13:14+00:00\" \/>\n<meta name=\"twitter:card\" content=\"summary_large_image\" \/>\n<meta name=\"twitter:label1\" content=\"Est. reading time\" \/>\n\t<meta name=\"twitter:data1\" content=\"1 minute\" \/>\n<script type=\"application\/ld+json\" class=\"yoast-schema-graph\">{\"@context\":\"https:\/\/schema.org\",\"@graph\":[{\"@type\":\"WebPage\",\"@id\":\"https:\/\/spanishworldgroup.com\/sg\/student-support\/?lang=es\",\"url\":\"https:\/\/spanishworldgroup.com\/sg\/student-support\/?lang=es\",\"name\":\"APOYO AL ESTUDIANTE - Spanish World Singapore\",\"isPartOf\":{\"@id\":\"https:\/\/spanishworldgroup.com\/sg\/#website\"},\"datePublished\":\"2019-10-16T04:23:12+00:00\",\"dateModified\":\"2021-07-08T10:13:14+00:00\",\"breadcrumb\":{\"@id\":\"https:\/\/spanishworldgroup.com\/sg\/student-support\/?lang=es#breadcrumb\"},\"inLanguage\":\"en-US\",\"potentialAction\":[{\"@type\":\"ReadAction\",\"target\":[\"https:\/\/spanishworldgroup.com\/sg\/student-support\/?lang=es\"]}]},{\"@type\":\"BreadcrumbList\",\"@id\":\"https:\/\/spanishworldgroup.com\/sg\/student-support\/?lang=es#breadcrumb\",\"itemListElement\":[{\"@type\":\"ListItem\",\"position\":1,\"name\":\"Home\",\"item\":\"https:\/\/spanishworldgroup.com\/sg\/front-page-static-header-2-2\/\"},{\"@type\":\"ListItem\",\"position\":2,\"name\":\"APOYO AL ESTUDIANTE\"}]},{\"@type\":\"WebSite\",\"@id\":\"https:\/\/spanishworldgroup.com\/sg\/#website\",\"url\":\"https:\/\/spanishworldgroup.com\/sg\/\",\"name\":\"Spanish World Singapore\",\"description\":\"Learn Spanish in Singapore | Courses and Private Lessons for All Levels\",\"potentialAction\":[{\"@type\":\"SearchAction\",\"target\":{\"@type\":\"EntryPoint\",\"urlTemplate\":\"https:\/\/spanishworldgroup.com\/sg\/?s={search_term_string}\"},\"query-input\":{\"@type\":\"PropertyValueSpecification\",\"valueRequired\":true,\"valueName\":\"search_term_string\"}}],\"inLanguage\":\"en-US\"}]}<\/script>\n<!-- \/ Yoast SEO plugin. -->","yoast_head_json":{"title":"APOYO AL ESTUDIANTE - Spanish World Singapore","robots":{"index":"index","follow":"follow","max-snippet":"max-snippet:-1","max-image-preview":"max-image-preview:large","max-video-preview":"max-video-preview:-1"},"canonical":"https:\/\/spanishworldgroup.com\/sg\/student-support\/?lang=es","og_locale":"en_US","og_type":"article","og_title":"APOYO AL ESTUDIANTE - Spanish World Singapore","og_description":"[vc_row][vc_column][vc_column_text]En Spanish World Singapore, te acompa\u00f1a un grupo de personal apasionado y profesional en el camino del aprendizaje del espa\u00f1ol. Para que tu experiencia de aprendizaje sea agradable y efectiva, puedes encontrar aqu\u00ed toda la informaci\u00f3n que necesites. Por supuesto, si tienes alguna duda, ponte en contacto con nosotros. Siempre estaremos encantados de ayudarte. \u00a1Empecemos [&hellip;]","og_url":"https:\/\/spanishworldgroup.com\/sg\/student-support\/?lang=es","og_site_name":"Spanish World Singapore","article_modified_time":"2021-07-08T10:13:14+00:00","twitter_card":"summary_large_image","twitter_misc":{"Est. reading time":"1 minute"},"schema":{"@context":"https:\/\/schema.org","@graph":[{"@type":"WebPage","@id":"https:\/\/spanishworldgroup.com\/sg\/student-support\/?lang=es","url":"https:\/\/spanishworldgroup.com\/sg\/student-support\/?lang=es","name":"APOYO AL ESTUDIANTE - Spanish World Singapore","isPartOf":{"@id":"https:\/\/spanishworldgroup.com\/sg\/#website"},"datePublished":"2019-10-16T04:23:12+00:00","dateModified":"2021-07-08T10:13:14+00:00","breadcrumb":{"@id":"https:\/\/spanishworldgroup.com\/sg\/student-support\/?lang=es#breadcrumb"},"inLanguage":"en-US","potentialAction":[{"@type":"ReadAction","target":["https:\/\/spanishworldgroup.com\/sg\/student-support\/?lang=es"]}]},{"@type":"BreadcrumbList","@id":"https:\/\/spanishworldgroup.com\/sg\/student-support\/?lang=es#breadcrumb","itemListElement":[{"@type":"ListItem","position":1,"name":"Home","item":"https:\/\/spanishworldgroup.com\/sg\/front-page-static-header-2-2\/"},{"@type":"ListItem","position":2,"name":"APOYO AL ESTUDIANTE"}]},{"@type":"WebSite","@id":"https:\/\/spanishworldgroup.com\/sg\/#website","url":"https:\/\/spanishworldgroup.com\/sg\/","name":"Spanish World Singapore","description":"Learn Spanish in Singapore | Courses and Private Lessons for All Levels","potentialAction":[{"@type":"SearchAction","target":{"@type":"EntryPoint","urlTemplate":"https:\/\/spanishworldgroup.com\/sg\/?s={search_term_string}"},"query-input":{"@type":"PropertyValueSpecification","valueRequired":true,"valueName":"search_term_string"}}],"inLanguage":"en-US"}]}},"_links":{"self":[{"href":"https:\/\/spanishworldgroup.com\/sg\/wp-json\/wp\/v2\/pages\/3905","targetHints":{"allow":["GET"]}}],"collection":[{"href":"https:\/\/spanishworldgroup.com\/sg\/wp-json\/wp\/v2\/pages"}],"about":[{"href":"https:\/\/spanishworldgroup.com\/sg\/wp-json\/wp\/v2\/types\/page"}],"author":[{"embeddable":true,"href":"https:\/\/spanishworldgroup.com\/sg\/wp-json\/wp\/v2\/users\/1"}],"replies":[{"embeddable":true,"href":"https:\/\/spanishworldgroup.com\/sg\/wp-json\/wp\/v2\/comments?post=3905"}],"version-history":[{"count":2,"href":"https:\/\/spanishworldgroup.com\/sg\/wp-json\/wp\/v2\/pages\/3905\/revisions"}],"predecessor-version":[{"id":3908,"href":"https:\/\/spanishworldgroup.com\/sg\/wp-json\/wp\/v2\/pages\/3905\/revisions\/3908"}],"wp:attachment":[{"href":"https:\/\/spanishworldgroup.com\/sg\/wp-json\/wp\/v2\/media?parent=3905"}],"curies":[{"name":"wp","href":"https:\/\/api.w.org\/{rel}","templated":true}]}}