{"id":3911,"date":"2020-04-24T14:10:33","date_gmt":"2020-04-24T06:10:33","guid":{"rendered":"https:\/\/spanishworldgroup.com\/sg\/spanish-world-team\/"},"modified":"2021-07-08T18:34:51","modified_gmt":"2021-07-08T10:34:51","slug":"spanish-world-team","status":"publish","type":"page","link":"https:\/\/spanishworldgroup.com\/sg\/spanish-world-team\/?lang=es","title":{"rendered":"Nuestro Equipo"},"content":{"rendered":"<p>[vc_row][vc_column][vc_column_text]<\/p>\n<h2 style=\"text-align: center;\">Conoce a nuestros apasionados, profesionales y experimentados educadores:<\/h2>\n<p>[\/vc_column_text][\/vc_column][\/vc_row][vc_row][vc_column][vc_column_text]<\/p>\n<h2 style=\"text-align: center;\">Profesores a tiempo completo<\/h2>\n<p>[\/vc_column_text][\/vc_column][\/vc_row][vc_row][vc_column width=&#8221;1\/3&#8243;][vc_single_image image=&#8221;2122&#8243; img_size=&#8221;medium&#8221; alignment=&#8221;center&#8221; style=&#8221;vc_box_border&#8221; border_color=&#8221;black&#8221;][vc_column_text]Sobre Carolina Rojo<br \/>\nFormadora de profesores<br \/>\n10 a\u00f1os de experiencia docente en Asia<br \/>\nExperta digital<\/p>\n<p>Carolina tiene un M\u00e1ster en Ling\u00fc\u00edstica Aplicada para la ense\u00f1anza del espa\u00f1ol como lengua extranjera. Lleva 10 a\u00f1os ense\u00f1ando en Asia, en escuelas de idiomas, colegios internacionales, universidades y empresas. Tiene una amplia experiencia en la creaci\u00f3n de programas acad\u00e9micos, en la formaci\u00f3n de profesores y en la organizaci\u00f3n de los ex\u00e1menes oficiales DELE.<\/p>\n<p>Adem\u00e1s, su formaci\u00f3n acad\u00e9mica en Ingenier\u00eda Electr\u00f3nica ha fomentado en ella el inter\u00e9s por explorar c\u00f3mo introducir las nuevas tecnolog\u00edas en el aula. Ha puesto en marcha la plataforma online y la App de Spanish World y ha creado contenidos online para que los alumnos puedan practicar el idioma y mejorar sus habilidades en cualquier momento y lugar. Tambi\u00e9n forma a otros profesores en la creaci\u00f3n e introducci\u00f3n de actividades interactivas en su ense\u00f1anza.[\/vc_column_text][\/vc_column][vc_column width=&#8221;1\/3&#8243;][vc_single_image image=&#8221;2131&#8243; img_size=&#8221;medium&#8221; alignment=&#8221;center&#8221; style=&#8221;vc_box_border&#8221; border_color=&#8221;black&#8221;][vc_column_text]Sobre Mikel Manso<br \/>\nHa dirigido tres escuelas de espa\u00f1ol en Asia<br \/>\nExaminador DELE para todos los niveles<br \/>\nM\u00e1s de 3.000 horas de espa\u00f1ol impartidas<\/p>\n<p>Mikel es licenciado en Direcci\u00f3n de Empresas y tiene un M\u00e1ster en Internacionalizaci\u00f3n Empresarial, ambos por la Universidad del Pa\u00eds Vasco, Espa\u00f1a. Ha trabajado en 6 pa\u00edses diferentes de Europa y el Sudeste Asi\u00e1tico. Ha trabajado en la Embajada de Espa\u00f1a en Yakarta, Indonesia, como Asesor Comercial y como Director del Instituto Cervantes. Ha trabajado en dos de las escuelas de Spanish World (Singapur y Kuala Lumpur) como director y profesor.[\/vc_column_text][\/vc_column][vc_column width=&#8221;1\/3&#8243;][vc_single_image image=&#8221;2126&#8243; img_size=&#8221;medium&#8221; alignment=&#8221;center&#8221; style=&#8221;vc_box_border&#8221; border_color=&#8221;black&#8221;][vc_column_text]Sobre Estefan\u00eda Puyo<br \/>\nM\u00e1s de 6.500 horas de espa\u00f1ol impartidas<br \/>\nExaminadora DELE para todos los niveles<br \/>\nFormadora de profesores<br \/>\nEstefan\u00eda es nuestra Directora Acad\u00e9mica. Viene de Barcelona donde estudi\u00f3 la Licenciatura en Lengua y Literatura Espa\u00f1ola y el M\u00e1ster en Ense\u00f1anza de Espa\u00f1ol como Lengua Extranjera, Literatura Espa\u00f1ola e Hispanoamericana y Lengua Espa\u00f1ola. Tambi\u00e9n es examinadora oficial de los ex\u00e1menes DELE para todos los niveles. Lleva once a\u00f1os como profesora y, como profesora de espa\u00f1ol, m\u00e1s de cinco. Es una profesional apasionada que ama su trabajo y trabajar en un contexto multicultural.[\/vc_column_text][\/vc_column][\/vc_row][vc_row][vc_column width=&#8221;1\/3&#8243;][vc_single_image image=&#8221;1816&#8243; img_size=&#8221;medium&#8221; alignment=&#8221;center&#8221; style=&#8221;vc_box_border&#8221; border_color=&#8221;black&#8221;][vc_column_text]Sobre \u00c0lex Muntan\u00e9<br \/>\nHa dado clases a alumnos de m\u00e1s de 50 pa\u00edses<br \/>\nEspecializado en gamificaci\u00f3n en clase<br \/>\nHa impartido clases de espa\u00f1ol de los negocios en una universidad de Barcelona<br \/>\n\u00c0lex es Licenciado en Comunicaci\u00f3n Audiovisual, Diplomado en Publicidad Online y M\u00e1ster en Ense\u00f1anza de Espa\u00f1ol como Lengua Extranjera, por diferentes universidades de Barcelona, Espa\u00f1a. Lleva m\u00e1s de 10 a\u00f1os dando clases a adolescentes y ni\u00f1os y unos 2 a\u00f1os ense\u00f1ando espa\u00f1ol como lengua extranjera. Su tesis de maestr\u00eda se centra en c\u00f3mo los juegos influyen en el proceso de aprendizaje. Tambi\u00e9n vivi\u00f3 en Italia durante sus estudios, donde aprendi\u00f3 italiano. Ha trabajado en diferentes escuelas tanto en Barcelona como en Sitges (su ciudad natal), y en una Escuela de Negocios, donde la mayor\u00eda de las clases estaban enfocadas al aprendizaje del espa\u00f1ol con fines empresariales.[\/vc_column_text][\/vc_column][vc_column width=&#8221;1\/3&#8243;][vc_single_image image=&#8221;1819&#8243; img_size=&#8221;medium&#8221; alignment=&#8221;center&#8221; style=&#8221;vc_box_border&#8221; border_color=&#8221;black&#8221;][vc_column_text]Sobre Cecilia Corredera<br \/>\nTrabaj\u00f3 en tres pa\u00edses diferentes como profesora de espa\u00f1ol<br \/>\nInvolucrada en proyectos educativos sociales<br \/>\nM\u00e1s de 1.000 horas de espa\u00f1ol impartidas<br \/>\nCecilia es licenciada en Educaci\u00f3n Primaria por la Universidad Complutense, Madrid, Espa\u00f1a y tiene un M\u00e1ster en Espa\u00f1ol como Lengua Extranjera por la Universidad Nebrija, Madrid, Espa\u00f1a. Durante sus estudios universitarios realiz\u00f3 dos intercambios estudiantiles, el primero en Coimbra, Portugal, y el segundo en Estocolmo, Suecia, donde trabaj\u00f3 como profesora en la \u00fanica escuela de espa\u00f1ol del pa\u00eds. Tambi\u00e9n ha trabajado en la mayor academia de espa\u00f1ol de Madrid mientras escrib\u00eda su tesis de m\u00e1ster sobre la importancia de introducir la cultura durante el proceso de aprendizaje de una lengua extranjera.[\/vc_column_text][\/vc_column][vc_column width=&#8221;1\/3&#8243;][vc_single_image image=&#8221;2795&#8243; img_size=&#8221;medium&#8221; alignment=&#8221;center&#8221; style=&#8221;vc_box_border&#8221; border_color=&#8221;black&#8221;][vc_column_text]<\/p>\n<h3><b>Beatriz Ram\u00edrez \u2013 Kids &amp; Teens Coordinator &amp; Teacher<\/b><\/h3>\n<p><b>Beatriz, <\/b><span style=\"font-weight: 400;\">our Kids and Teens Coordinator,<\/span> <span style=\"font-weight: 400;\">holds a Bachelors Degree in Law by Universidad Complutense de Madrid and a Masters in Teaching (Secondary Years) by the University of La Rioja (Spain). She has worked as Spanish teacher in Hong Kong and has experience in tutoring teenagers who are studying at International Schools that follow the IB curriculum, IGCSE and A levels. <\/span> <a href=\"https:\/\/spanishworldgroup.com\/sg\/teachers\/bea-ramirez\/\">Read More&#8230;<\/a>[\/vc_column_text][\/vc_column][\/vc_row][vc_row][vc_column][vc_column_text]<\/p>\n<h2>Profesores a tiempo parcial<\/h2>\n<p>[\/vc_column_text][\/vc_column][\/vc_row][vc_row][vc_column width=&#8221;1\/3&#8243;][vc_single_image image=&#8221;1822&#8243; img_size=&#8221;medium&#8221; alignment=&#8221;center&#8221; style=&#8221;vc_box_border&#8221; border_color=&#8221;black&#8221;][vc_column_text]Gabriela Sandi &#8211; Profesora<br \/>\nDoctora y profesora de espa\u00f1ol<br \/>\nFormada como profesora de ELE<br \/>\nExperiencia en la ense\u00f1anza de adultos y ni\u00f1os en diferentes niveles<br \/>\nGabriela es una de nuestras profesoras a tiempo parcial. Viene de Argentina donde estudi\u00f3 la carrera de Medicina y el M\u00e1ster. Tambi\u00e9n ha realizado nuestro curso de formaci\u00f3n para la ense\u00f1anza del espa\u00f1ol como lengua extranjera. Ha sido profesora durante algunos a\u00f1os, como profesora de espa\u00f1ol y tambi\u00e9n en la universidad. Le apasiona aprender y ense\u00f1ar a adultos, adolescentes y ni\u00f1os.[\/vc_column_text][\/vc_column][vc_column width=&#8221;1\/3&#8243;][vc_single_image image=&#8221;2794&#8243; img_size=&#8221;medium&#8221; alignment=&#8221;center&#8221; style=&#8221;vc_box_border&#8221; border_color=&#8221;black&#8221;][vc_column_text]Helga Herrera &#8211; Profesora<br \/>\nProfesora global, capacidad de ense\u00f1ar a estudiantes de diferentes or\u00edgenes y nacionalidades<br \/>\nCapacidad de ense\u00f1ar a todas las edades<br \/>\nHabla espa\u00f1ol, ingl\u00e9s y alem\u00e1n<br \/>\nHelga es una profesora de espa\u00f1ol con conocimientos y pasi\u00f3n, pero sobre todo es una buena comunicadora y oyente. Tiene una licenciatura en ingenier\u00eda de su pa\u00eds natal, Bolivia, un m\u00e1ster en gesti\u00f3n internacional de los Estados Unidos, un diploma en fotograf\u00eda del Reino Unido, una especializaci\u00f3n en &#8220;Aprendizaje y ense\u00f1anza de idiomas&#8221; de Espa\u00f1a y varias formaciones para profesores de ESL en Singapur. Terminar\u00e1 el M\u00e1ster en &#8220;Ense\u00f1anza de Espa\u00f1ol como Segunda Lengua&#8221; en mayo de 2020. Ha ense\u00f1ado fotograf\u00eda y espa\u00f1ol durante m\u00e1s de 5 a\u00f1os.[\/vc_column_text][\/vc_column][vc_column width=&#8221;1\/3&#8243;][vc_single_image image=&#8221;2130&#8243; img_size=&#8221;medium&#8221; alignment=&#8221;center&#8221; style=&#8221;vc_box_border&#8221; border_color=&#8221;black&#8221;][vc_column_text]Mari Carmen G\u00f3mez &#8211; Profesora<br \/>\nProfesora de ELE con formaci\u00f3n<br \/>\nExaminadora DELE nivel A1 &#8211; A2<br \/>\nExperiencia en la ense\u00f1anza de todas las edades<br \/>\nCarmen naci\u00f3 en Le\u00f3n, Norte de Espa\u00f1a. Es licenciada en Administraci\u00f3n de Empresas por la Universidad de Belgrano, Buenos Aires, Argentina. Carmen trabaj\u00f3 como directora general en una bodega durante m\u00e1s de doce a\u00f1os. Tras llegar a Singapur, realiz\u00f3 un curso de formaci\u00f3n de profesores de ELE en la ense\u00f1anza del espa\u00f1ol como lengua extranjera y su metodolog\u00eda. Tambi\u00e9n es Examinadora DELE para los niveles A1 &#8211; A2 y DELE Escolar A1.[\/vc_column_text][\/vc_column][\/vc_row][vc_row][vc_column width=&#8221;1\/3&#8243;][vc_single_image image=&#8221;2790&#8243; img_size=&#8221;medium&#8221; alignment=&#8221;center&#8221; style=&#8221;vc_box_border&#8221; border_color=&#8221;black&#8221;][vc_column_text]<\/p>\n<h3><b>Marisa David <\/b><strong>\u2013 Teacher<\/strong><\/h3>\n<ul>\n<li style=\"font-weight: 400;\"><span style=\"font-weight: 400;\">Teacher and Doctor<\/span><\/li>\n<li style=\"font-weight: 400;\"><span style=\"font-weight: 400;\">Trained ELE teacher<\/span><\/li>\n<li style=\"font-weight: 400;\"><span style=\"font-weight: 400;\">6 years\u2019 experience teaching Spanish\u00a0<\/span><\/li>\n<\/ul>\n<p><span style=\"font-weight: 400;\"><strong>Marisa<\/strong> is a part time teacher at our school. She comes from Argentina where she studied her Medical and Master Degree. She also has done our Training course for teaching Spanish as a Foreign Language. She has been a Spanish teacher for the last 6 years teaching intermediate and advance level Spanish to high school students. Before that she taught at the School of Medicine for 10 years. <\/span>[\/vc_column_text][\/vc_column][vc_column width=&#8221;1\/3&#8243;][vc_single_image image=&#8221;2798&#8243; img_size=&#8221;medium&#8221; alignment=&#8221;center&#8221; style=&#8221;vc_box_border&#8221; border_color=&#8221;black&#8221;][vc_column_text]Mauricio Mart\u00ednez &#8211; Profesor<br \/>\nProfesor a tiempo parcial<br \/>\nM\u00e1s de 1700 horas de ense\u00f1anza<br \/>\nHa dado clases a todo tipo de alumnos: adultos, adolescentes (IB, IGCSE), ni\u00f1os<br \/>\nMauricio es uno de nuestros profesores a tiempo parcial, viene de Ecuador donde estudi\u00f3 Ciencias Geogr\u00e1ficas y Espa\u00f1ol como Lengua Extranjera; tambi\u00e9n tiene un M\u00e1ster en Gesti\u00f3n del Desarrollo Local. Desde 2015 ense\u00f1a espa\u00f1ol regularmente primero en Quito &#8211; Ecuador, a estudiantes de muchas nacionalidades y edades, y luego en Londres a ni\u00f1os, adolescentes y adultos, y ahora con nosotros en nuestra escuela. Tiene muchas ganas de ense\u00f1ar espa\u00f1ol pero tambi\u00e9n de explicar sobre la cultura y la vida en Sudam\u00e9rica.[\/vc_column_text][\/vc_column][vc_column width=&#8221;1\/3&#8243;][vc_single_image image=&#8221;2132&#8243; img_size=&#8221;medium&#8221; alignment=&#8221;center&#8221; style=&#8221;vc_box_border&#8221; border_color=&#8221;black&#8221;][vc_column_text]Norma Moncayo &#8211; Profesora<br \/>\nProfesora de espa\u00f1ol y psic\u00f3loga<br \/>\nM\u00e1s de 1000 horas de espa\u00f1ol impartidas<br \/>\nExperiencia ense\u00f1ando a todas las edades y niveles<br \/>\nNorma es una apasionada de la ense\u00f1anza del espa\u00f1ol y es licenciada en psicolog\u00eda. Tambi\u00e9n tiene experiencia en terapias de grupo y formaci\u00f3n de recursos humanos. Norma disfruta interactuando con personas de todas las edades y as\u00ed lo ha demostrado mientras ense\u00f1aba en Spanish World Singapore, desde adultos hasta ni\u00f1os, grupos diferentes de los que ha recibido cr\u00edticas incre\u00edblemente positivas. Le gusta compartir su lengua materna con los estudiantes, as\u00ed como su propia cultura.[\/vc_column_text][\/vc_column][\/vc_row][vc_row][vc_column width=&#8221;1\/3&#8243;][vc_single_image image=&#8221;2799&#8243; img_size=&#8221;medium&#8221; alignment=&#8221;center&#8221; style=&#8221;vc_box_border&#8221; border_color=&#8221;black&#8221;][vc_column_text]Silvia Mart\u00ednez &#8211; Profesora<br \/>\nExperiencia en la ense\u00f1anza de m\u00e1s de 3 idiomas<br \/>\nEspecializada en IB e IGCSE<br \/>\nExperiencia ense\u00f1ando a todas las edades<br \/>\nSilvia es profesora de espa\u00f1ol. Es originaria de Barcelona donde estudi\u00f3 la Licenciatura en Historia y Geograf\u00eda. Ha trabajado durante 5 a\u00f1os en una editorial como traductora y correctora. Despu\u00e9s de mudarse a Francia, trabaj\u00f3 durante 10 a\u00f1os como profesora de espa\u00f1ol para adultos y adolescentes.[\/vc_column_text][\/vc_column][vc_column width=&#8221;1\/3&#8243;][\/vc_column][\/vc_row][vc_row][vc_column][vc_column_text]<\/p>\n<h2>Administradores<\/h2>\n<p>[\/vc_column_text][\/vc_column][\/vc_row][vc_row][vc_column width=&#8221;1\/3&#8243;][vc_single_image image=&#8221;2784&#8243; img_size=&#8221;medium&#8221; alignment=&#8221;center&#8221; style=&#8221;vc_box_border&#8221; border_color=&#8221;black&#8221;][vc_column_text]Natrah Raidanie &#8211; Supervisora de Administraci\u00f3n<br \/>\nNatrah es supervisora de administraci\u00f3n en Spanish World Singapore y se encarga del trabajo administrativo y de la recepci\u00f3n. Le gusta conocer gente y entablar nuevas amistades. Naci\u00f3 en Singapur pero se cri\u00f3 en Malasia. Spanish World Singapore es la primera empresa en Singapur en la que ha estado hasta ahora. Tiene experiencia trabajando como responsable de relaciones p\u00fablicas y como ejecutiva de marketing creativo. Tambi\u00e9n le gusta viajar y le gustar\u00eda explorar m\u00e1s pa\u00edses en el futuro.[\/vc_column_text][\/vc_column][vc_column width=&#8221;1\/3&#8243;][\/vc_column][vc_column width=&#8221;1\/3&#8243;][vc_single_image image=&#8221;2787&#8243; img_size=&#8221;medium&#8221; alignment=&#8221;center&#8221; style=&#8221;vc_box_border&#8221; border_color=&#8221;black&#8221;][vc_column_text]Nur Rusyadah &#8211; Servicio de atenci\u00f3n al cliente y administraci\u00f3n<br \/>\nRusyadah es una administrativa de atenci\u00f3n al cliente. Recibe a los estudiantes y a los padres en la escuela y atiende sus necesidades y consultas. Se encarga de las clases particulares y de organizar el horario de las mismas. Naci\u00f3 y creci\u00f3 en Singapur con su formaci\u00f3n en Gesti\u00f3n de Operaciones. Lleva un a\u00f1o aqu\u00ed y disfruta conociendo gente nueva y ayud\u00e1ndoles a empezar su aprendizaje de espa\u00f1ol con Spanish World.[\/vc_column_text][\/vc_column][\/vc_row][vc_row][vc_column width=&#8221;1\/3&#8243;][vc_single_image image=&#8221;2786&#8243; img_size=&#8221;medium&#8221; alignment=&#8221;center&#8221; style=&#8221;vc_box_border&#8221; border_color=&#8221;black&#8221;][vc_column_text]<\/p>\n<h3><b>Siti Leia \u2013 Customer Service cum Admin<\/b><\/h3>\n<p><b>Siti<\/b><span style=\"font-weight: 400;\">\u00a0was born and received education in Singapore, Siti has accumulated her years of experience from different industry, and her passion is in Education. She enjoys meeting new people and communicate with them, learning and gaining knowledge as much as possible. Spanish World offers a relatively new experience. While meeting with students of various age and ethnicity, she learns a fairly new set of skills to add on to her portfolio. <\/span>[\/vc_column_text][\/vc_column][vc_column width=&#8221;1\/3&#8243;][\/vc_column][\/vc_row]<\/p>\n","protected":false},"excerpt":{"rendered":"<p>[vc_row][vc_column][vc_column_text] Conoce a nuestros apasionados, profesionales y experimentados educadores: [\/vc_column_text][\/vc_column][\/vc_row][vc_row][vc_column][vc_column_text] Profesores a tiempo completo [\/vc_column_text][\/vc_column][\/vc_row][vc_row][vc_column width=&#8221;1\/3&#8243;][vc_single_image image=&#8221;2122&#8243; img_size=&#8221;medium&#8221; alignment=&#8221;center&#8221; style=&#8221;vc_box_border&#8221; border_color=&#8221;black&#8221;][vc_column_text]Sobre Carolina Rojo Formadora de profesores 10 a\u00f1os de experiencia docente en Asia Experta digital Carolina tiene un M\u00e1ster en Ling\u00fc\u00edstica Aplicada para la ense\u00f1anza del espa\u00f1ol como lengua extranjera. Lleva 10 a\u00f1os ense\u00f1ando en [&hellip;]<\/p>\n","protected":false},"author":1,"featured_media":0,"parent":0,"menu_order":0,"comment_status":"closed","ping_status":"closed","template":"","meta":{"footnotes":""},"class_list":["post-3911","page","type-page","status-publish","hentry"],"yoast_head":"<!-- This site is optimized with the Yoast SEO plugin v25.7 - https:\/\/yoast.com\/wordpress\/plugins\/seo\/ -->\n<title>Nuestro Equipo - Spanish World Singapore<\/title>\n<meta name=\"robots\" content=\"index, follow, max-snippet:-1, max-image-preview:large, max-video-preview:-1\" \/>\n<link rel=\"canonical\" href=\"https:\/\/spanishworldgroup.com\/sg\/spanish-world-team\/?lang=es\" \/>\n<meta property=\"og:locale\" content=\"en_US\" \/>\n<meta property=\"og:type\" content=\"article\" \/>\n<meta property=\"og:title\" content=\"Nuestro Equipo - Spanish World Singapore\" \/>\n<meta property=\"og:description\" content=\"[vc_row][vc_column][vc_column_text] Conoce a nuestros apasionados, profesionales y experimentados educadores: [\/vc_column_text][\/vc_column][\/vc_row][vc_row][vc_column][vc_column_text] Profesores a tiempo completo [\/vc_column_text][\/vc_column][\/vc_row][vc_row][vc_column width=&#8221;1\/3&#8243;][vc_single_image image=&#8221;2122&#8243; img_size=&#8221;medium&#8221; alignment=&#8221;center&#8221; style=&#8221;vc_box_border&#8221; border_color=&#8221;black&#8221;][vc_column_text]Sobre Carolina Rojo Formadora de profesores 10 a\u00f1os de experiencia docente en Asia Experta digital Carolina tiene un M\u00e1ster en Ling\u00fc\u00edstica Aplicada para la ense\u00f1anza del espa\u00f1ol como lengua extranjera. Lleva 10 a\u00f1os ense\u00f1ando en [&hellip;]\" \/>\n<meta property=\"og:url\" content=\"https:\/\/spanishworldgroup.com\/sg\/spanish-world-team\/?lang=es\" \/>\n<meta property=\"og:site_name\" content=\"Spanish World Singapore\" \/>\n<meta property=\"article:modified_time\" content=\"2021-07-08T10:34:51+00:00\" \/>\n<meta name=\"twitter:card\" content=\"summary_large_image\" \/>\n<meta name=\"twitter:label1\" content=\"Est. reading time\" \/>\n\t<meta name=\"twitter:data1\" content=\"11 minutes\" \/>\n<script type=\"application\/ld+json\" class=\"yoast-schema-graph\">{\"@context\":\"https:\/\/schema.org\",\"@graph\":[{\"@type\":\"WebPage\",\"@id\":\"https:\/\/spanishworldgroup.com\/sg\/spanish-world-team\/?lang=es\",\"url\":\"https:\/\/spanishworldgroup.com\/sg\/spanish-world-team\/?lang=es\",\"name\":\"Nuestro Equipo - Spanish World Singapore\",\"isPartOf\":{\"@id\":\"https:\/\/spanishworldgroup.com\/sg\/#website\"},\"datePublished\":\"2020-04-24T06:10:33+00:00\",\"dateModified\":\"2021-07-08T10:34:51+00:00\",\"breadcrumb\":{\"@id\":\"https:\/\/spanishworldgroup.com\/sg\/spanish-world-team\/?lang=es#breadcrumb\"},\"inLanguage\":\"en-US\",\"potentialAction\":[{\"@type\":\"ReadAction\",\"target\":[\"https:\/\/spanishworldgroup.com\/sg\/spanish-world-team\/?lang=es\"]}]},{\"@type\":\"BreadcrumbList\",\"@id\":\"https:\/\/spanishworldgroup.com\/sg\/spanish-world-team\/?lang=es#breadcrumb\",\"itemListElement\":[{\"@type\":\"ListItem\",\"position\":1,\"name\":\"Home\",\"item\":\"https:\/\/spanishworldgroup.com\/sg\/front-page-static-header-2-2\/\"},{\"@type\":\"ListItem\",\"position\":2,\"name\":\"Nuestro Equipo\"}]},{\"@type\":\"WebSite\",\"@id\":\"https:\/\/spanishworldgroup.com\/sg\/#website\",\"url\":\"https:\/\/spanishworldgroup.com\/sg\/\",\"name\":\"Spanish World Singapore\",\"description\":\"Learn Spanish in Singapore | Courses and Private Lessons for All Levels\",\"potentialAction\":[{\"@type\":\"SearchAction\",\"target\":{\"@type\":\"EntryPoint\",\"urlTemplate\":\"https:\/\/spanishworldgroup.com\/sg\/?s={search_term_string}\"},\"query-input\":{\"@type\":\"PropertyValueSpecification\",\"valueRequired\":true,\"valueName\":\"search_term_string\"}}],\"inLanguage\":\"en-US\"}]}<\/script>\n<!-- \/ Yoast SEO plugin. -->","yoast_head_json":{"title":"Nuestro Equipo - Spanish World Singapore","robots":{"index":"index","follow":"follow","max-snippet":"max-snippet:-1","max-image-preview":"max-image-preview:large","max-video-preview":"max-video-preview:-1"},"canonical":"https:\/\/spanishworldgroup.com\/sg\/spanish-world-team\/?lang=es","og_locale":"en_US","og_type":"article","og_title":"Nuestro Equipo - Spanish World Singapore","og_description":"[vc_row][vc_column][vc_column_text] Conoce a nuestros apasionados, profesionales y experimentados educadores: [\/vc_column_text][\/vc_column][\/vc_row][vc_row][vc_column][vc_column_text] Profesores a tiempo completo [\/vc_column_text][\/vc_column][\/vc_row][vc_row][vc_column width=&#8221;1\/3&#8243;][vc_single_image image=&#8221;2122&#8243; img_size=&#8221;medium&#8221; alignment=&#8221;center&#8221; style=&#8221;vc_box_border&#8221; border_color=&#8221;black&#8221;][vc_column_text]Sobre Carolina Rojo Formadora de profesores 10 a\u00f1os de experiencia docente en Asia Experta digital Carolina tiene un M\u00e1ster en Ling\u00fc\u00edstica Aplicada para la ense\u00f1anza del espa\u00f1ol como lengua extranjera. Lleva 10 a\u00f1os ense\u00f1ando en [&hellip;]","og_url":"https:\/\/spanishworldgroup.com\/sg\/spanish-world-team\/?lang=es","og_site_name":"Spanish World Singapore","article_modified_time":"2021-07-08T10:34:51+00:00","twitter_card":"summary_large_image","twitter_misc":{"Est. reading time":"11 minutes"},"schema":{"@context":"https:\/\/schema.org","@graph":[{"@type":"WebPage","@id":"https:\/\/spanishworldgroup.com\/sg\/spanish-world-team\/?lang=es","url":"https:\/\/spanishworldgroup.com\/sg\/spanish-world-team\/?lang=es","name":"Nuestro Equipo - Spanish World Singapore","isPartOf":{"@id":"https:\/\/spanishworldgroup.com\/sg\/#website"},"datePublished":"2020-04-24T06:10:33+00:00","dateModified":"2021-07-08T10:34:51+00:00","breadcrumb":{"@id":"https:\/\/spanishworldgroup.com\/sg\/spanish-world-team\/?lang=es#breadcrumb"},"inLanguage":"en-US","potentialAction":[{"@type":"ReadAction","target":["https:\/\/spanishworldgroup.com\/sg\/spanish-world-team\/?lang=es"]}]},{"@type":"BreadcrumbList","@id":"https:\/\/spanishworldgroup.com\/sg\/spanish-world-team\/?lang=es#breadcrumb","itemListElement":[{"@type":"ListItem","position":1,"name":"Home","item":"https:\/\/spanishworldgroup.com\/sg\/front-page-static-header-2-2\/"},{"@type":"ListItem","position":2,"name":"Nuestro Equipo"}]},{"@type":"WebSite","@id":"https:\/\/spanishworldgroup.com\/sg\/#website","url":"https:\/\/spanishworldgroup.com\/sg\/","name":"Spanish World Singapore","description":"Learn Spanish in Singapore | Courses and Private Lessons for All Levels","potentialAction":[{"@type":"SearchAction","target":{"@type":"EntryPoint","urlTemplate":"https:\/\/spanishworldgroup.com\/sg\/?s={search_term_string}"},"query-input":{"@type":"PropertyValueSpecification","valueRequired":true,"valueName":"search_term_string"}}],"inLanguage":"en-US"}]}},"_links":{"self":[{"href":"https:\/\/spanishworldgroup.com\/sg\/wp-json\/wp\/v2\/pages\/3911","targetHints":{"allow":["GET"]}}],"collection":[{"href":"https:\/\/spanishworldgroup.com\/sg\/wp-json\/wp\/v2\/pages"}],"about":[{"href":"https:\/\/spanishworldgroup.com\/sg\/wp-json\/wp\/v2\/types\/page"}],"author":[{"embeddable":true,"href":"https:\/\/spanishworldgroup.com\/sg\/wp-json\/wp\/v2\/users\/1"}],"replies":[{"embeddable":true,"href":"https:\/\/spanishworldgroup.com\/sg\/wp-json\/wp\/v2\/comments?post=3911"}],"version-history":[{"count":4,"href":"https:\/\/spanishworldgroup.com\/sg\/wp-json\/wp\/v2\/pages\/3911\/revisions"}],"predecessor-version":[{"id":3912,"href":"https:\/\/spanishworldgroup.com\/sg\/wp-json\/wp\/v2\/pages\/3911\/revisions\/3912"}],"wp:attachment":[{"href":"https:\/\/spanishworldgroup.com\/sg\/wp-json\/wp\/v2\/media?parent=3911"}],"curies":[{"name":"wp","href":"https:\/\/api.w.org\/{rel}","templated":true}]}}