{"id":3940,"date":"2020-03-20T12:52:27","date_gmt":"2020-03-20T04:52:27","guid":{"rendered":"https:\/\/spanishworldgroup.com\/sg\/learn-spanish-online\/"},"modified":"2021-07-11T12:12:26","modified_gmt":"2021-07-11T04:12:26","slug":"learn-spanish-online","status":"publish","type":"page","link":"https:\/\/spanishworldgroup.com\/sg\/learn-spanish-online\/?lang=es","title":{"rendered":"Learn Spanish Online"},"content":{"rendered":"<p>[vc_row][vc_column][vc_column_text]<\/p>\n<h3>\u00a1Empieza a aprender espa\u00f1ol desde casa ahora!<\/h3>\n<p>Estudia en la comodidad de tu oficina o de tu casa. Nuestros cursos de espa\u00f1ol en l\u00ednea conectan a nuestros profesores expertos con estudiantes de toda la regi\u00f3n, lo que permite el aprendizaje de idiomas cara a cara. La ense\u00f1anza en tiempo real permite hacer preguntas y aclaraciones.[\/vc_column_text][vc_custom_heading text=&#8221;Spanish for Adults&#8221; google_fonts=&#8221;font_family:Open%20Sans%3A300%2C300italic%2Cregular%2Citalic%2C600%2C600italic%2C700%2C700italic%2C800%2C800italic|font_style:400%20regular%3A400%3Anormal&#8221;]<div class=\"woocommerce columns-4 \"><\/div>[vc_custom_heading text=&#8221;Spanish for Kids &amp; Teens&#8221; google_fonts=&#8221;font_family:Open%20Sans%3A300%2C300italic%2Cregular%2Citalic%2C600%2C600italic%2C700%2C700italic%2C800%2C800italic|font_style:400%20regular%3A400%3Anormal&#8221;]<div class=\"woocommerce columns-4 \"><\/div>[\/vc_column][\/vc_row][vc_row][vc_column width=&#8221;1\/2&#8243;][vc_custom_heading text=&#8221;Questions? Get in touch!&#8221; font_container=&#8221;tag:h2|text_align:center|color:%2300b6ba&#8221; google_fonts=&#8221;font_family:Montserrat%3Aregular%2C700|font_style:400%20regular%3A400%3Anormal&#8221;]\n<div class=\"wpcf7 no-js\" id=\"wpcf7-f2701-o1\" lang=\"en-US\" dir=\"ltr\" data-wpcf7-id=\"2701\">\n<div class=\"screen-reader-response\"><p role=\"status\" aria-live=\"polite\" aria-atomic=\"true\"><\/p> <ul><\/ul><\/div>\n<form action=\"\/sg\/wp-json\/wp\/v2\/pages\/3940#wpcf7-f2701-o1\" method=\"post\" class=\"wpcf7-form init\" aria-label=\"Contact form\" novalidate=\"novalidate\" data-status=\"init\">\n<fieldset class=\"hidden-fields-container\"><input type=\"hidden\" name=\"_wpcf7\" value=\"2701\" \/><input type=\"hidden\" name=\"_wpcf7_version\" value=\"6.1.1\" \/><input type=\"hidden\" name=\"_wpcf7_locale\" value=\"en_US\" \/><input type=\"hidden\" name=\"_wpcf7_unit_tag\" value=\"wpcf7-f2701-o1\" \/><input type=\"hidden\" name=\"_wpcf7_container_post\" value=\"0\" \/><input type=\"hidden\" name=\"_wpcf7_posted_data_hash\" value=\"\" \/><input type=\"hidden\" name=\"_wpcf7_recaptcha_response\" value=\"\" \/>\n<\/fieldset>\n<p>Name <span class=\"wpcf7-form-control-wrap\" data-name=\"text-440\"><input size=\"40\" maxlength=\"400\" class=\"wpcf7-form-control wpcf7-text wpcf7-validates-as-required\" aria-required=\"true\" aria-invalid=\"false\" value=\"\" type=\"text\" name=\"text-440\" \/><\/span>\n<\/p>\n<p>Email <span class=\"wpcf7-form-control-wrap\" data-name=\"email-464\"><input size=\"40\" maxlength=\"400\" class=\"wpcf7-form-control wpcf7-email wpcf7-validates-as-required wpcf7-text wpcf7-validates-as-email\" aria-required=\"true\" aria-invalid=\"false\" value=\"\" type=\"email\" name=\"email-464\" \/><\/span>\n<\/p>\n<p>Phone Number <span class=\"wpcf7-form-control-wrap\" data-name=\"tel-328\"><input size=\"40\" maxlength=\"400\" class=\"wpcf7-form-control wpcf7-tel wpcf7-text wpcf7-validates-as-tel\" aria-invalid=\"false\" value=\"\" type=\"tel\" name=\"tel-328\" \/><\/span>\n<\/p>\n<p>Preferred Group \/ Enquiry \/ Comment: <span class=\"wpcf7-form-control-wrap\" data-name=\"textarea-512\"><textarea cols=\"40\" rows=\"10\" maxlength=\"2000\" class=\"wpcf7-form-control wpcf7-textarea wpcf7-validates-as-required\" aria-required=\"true\" aria-invalid=\"false\" name=\"textarea-512\"><\/textarea><\/span>\n<\/p>\n<span class=\"wpcf7-form-control-wrap recaptcha\" data-name=\"recaptcha\"><span data-sitekey=\"6Ld7778hAAAAAM_OWkzQRP96YCExuZo2wEs9ukIj\" class=\"wpcf7-form-control wpcf7-recaptcha g-recaptcha\"><\/span>\r\n<noscript>\r\n\t<div class=\"grecaptcha-noscript\">\r\n\t\t<iframe loading=\"lazy\" src=\"https:\/\/www.google.com\/recaptcha\/api\/fallback?k=6Ld7778hAAAAAM_OWkzQRP96YCExuZo2wEs9ukIj\" frameborder=\"0\" scrolling=\"no\" width=\"310\" height=\"430\">\r\n\t\t<\/iframe>\r\n\t\t<textarea name=\"g-recaptcha-response\" rows=\"3\" cols=\"40\" placeholder=\"reCaptcha Response Here\">\r\n\t\t<\/textarea>\r\n\t<\/div>\r\n<\/noscript>\r\n<\/span>\n<p><input class=\"wpcf7-form-control wpcf7-submit has-spinner\" type=\"submit\" value=\"Submit\" \/>\n<\/p><div class=\"wpcf7-response-output\" aria-hidden=\"true\"><\/div>\n<\/form>\n<\/div>\n[\/vc_column][vc_column width=&#8221;1\/2&#8243;][vc_custom_heading text=&#8221;Read our latest posts!&#8221; font_container=&#8221;tag:h2|text_align:center|color:%2300b6ba&#8221; google_fonts=&#8221;font_family:Montserrat%3Aregular%2C700|font_style:400%20regular%3A400%3Anormal&#8221;][vc_basic_grid post_type=&#8221;post&#8221; max_items=&#8221;2&#8243; element_width=&#8221;6&#8243; grid_id=&#8221;vc_gid:1625976605475-e85d0242-7617-9&#8243; taxonomies=&#8221;64&#8243;][\/vc_column][\/vc_row]<\/p>\n","protected":false},"excerpt":{"rendered":"<p>[vc_row][vc_column][vc_column_text] \u00a1Empieza a aprender espa\u00f1ol desde casa ahora! Estudia en la comodidad de tu oficina o de tu casa. Nuestros cursos de espa\u00f1ol en l\u00ednea conectan a nuestros profesores expertos con estudiantes de toda la regi\u00f3n, lo que permite el aprendizaje de idiomas cara a cara. La ense\u00f1anza en tiempo real permite hacer preguntas y [&hellip;]<\/p>\n","protected":false},"author":1,"featured_media":0,"parent":0,"menu_order":0,"comment_status":"closed","ping_status":"closed","template":"","meta":{"footnotes":""},"class_list":["post-3940","page","type-page","status-publish","hentry"],"yoast_head":"<!-- This site is optimized with the Yoast SEO plugin v25.7 - https:\/\/yoast.com\/wordpress\/plugins\/seo\/ -->\n<title>Learn Spanish Online - Spanish World Singapore<\/title>\n<meta name=\"robots\" content=\"index, follow, max-snippet:-1, max-image-preview:large, max-video-preview:-1\" \/>\n<link rel=\"canonical\" href=\"https:\/\/spanishworldgroup.com\/sg\/learn-spanish-online\/?lang=es\" \/>\n<meta property=\"og:locale\" content=\"en_US\" \/>\n<meta property=\"og:type\" content=\"article\" \/>\n<meta property=\"og:title\" content=\"Learn Spanish Online - Spanish World Singapore\" \/>\n<meta property=\"og:description\" content=\"[vc_row][vc_column][vc_column_text] \u00a1Empieza a aprender espa\u00f1ol desde casa ahora! Estudia en la comodidad de tu oficina o de tu casa. Nuestros cursos de espa\u00f1ol en l\u00ednea conectan a nuestros profesores expertos con estudiantes de toda la regi\u00f3n, lo que permite el aprendizaje de idiomas cara a cara. La ense\u00f1anza en tiempo real permite hacer preguntas y [&hellip;]\" \/>\n<meta property=\"og:url\" content=\"https:\/\/spanishworldgroup.com\/sg\/learn-spanish-online\/?lang=es\" \/>\n<meta property=\"og:site_name\" content=\"Spanish World Singapore\" \/>\n<meta property=\"article:modified_time\" content=\"2021-07-11T04:12:26+00:00\" \/>\n<meta name=\"twitter:card\" content=\"summary_large_image\" \/>\n<meta name=\"twitter:label1\" content=\"Est. reading time\" \/>\n\t<meta name=\"twitter:data1\" content=\"1 minute\" \/>\n<script type=\"application\/ld+json\" class=\"yoast-schema-graph\">{\"@context\":\"https:\/\/schema.org\",\"@graph\":[{\"@type\":\"WebPage\",\"@id\":\"https:\/\/spanishworldgroup.com\/sg\/learn-spanish-online\/?lang=es\",\"url\":\"https:\/\/spanishworldgroup.com\/sg\/learn-spanish-online\/?lang=es\",\"name\":\"Learn Spanish Online - Spanish World Singapore\",\"isPartOf\":{\"@id\":\"https:\/\/spanishworldgroup.com\/sg\/#website\"},\"datePublished\":\"2020-03-20T04:52:27+00:00\",\"dateModified\":\"2021-07-11T04:12:26+00:00\",\"breadcrumb\":{\"@id\":\"https:\/\/spanishworldgroup.com\/sg\/learn-spanish-online\/?lang=es#breadcrumb\"},\"inLanguage\":\"en-US\",\"potentialAction\":[{\"@type\":\"ReadAction\",\"target\":[\"https:\/\/spanishworldgroup.com\/sg\/learn-spanish-online\/?lang=es\"]}]},{\"@type\":\"BreadcrumbList\",\"@id\":\"https:\/\/spanishworldgroup.com\/sg\/learn-spanish-online\/?lang=es#breadcrumb\",\"itemListElement\":[{\"@type\":\"ListItem\",\"position\":1,\"name\":\"Home\",\"item\":\"https:\/\/spanishworldgroup.com\/sg\/front-page-static-header-2-2\/\"},{\"@type\":\"ListItem\",\"position\":2,\"name\":\"Learn Spanish Online\"}]},{\"@type\":\"WebSite\",\"@id\":\"https:\/\/spanishworldgroup.com\/sg\/#website\",\"url\":\"https:\/\/spanishworldgroup.com\/sg\/\",\"name\":\"Spanish World Singapore\",\"description\":\"Learn Spanish in Singapore | Courses and Private Lessons for All Levels\",\"potentialAction\":[{\"@type\":\"SearchAction\",\"target\":{\"@type\":\"EntryPoint\",\"urlTemplate\":\"https:\/\/spanishworldgroup.com\/sg\/?s={search_term_string}\"},\"query-input\":{\"@type\":\"PropertyValueSpecification\",\"valueRequired\":true,\"valueName\":\"search_term_string\"}}],\"inLanguage\":\"en-US\"}]}<\/script>\n<!-- \/ Yoast SEO plugin. -->","yoast_head_json":{"title":"Learn Spanish Online - Spanish World Singapore","robots":{"index":"index","follow":"follow","max-snippet":"max-snippet:-1","max-image-preview":"max-image-preview:large","max-video-preview":"max-video-preview:-1"},"canonical":"https:\/\/spanishworldgroup.com\/sg\/learn-spanish-online\/?lang=es","og_locale":"en_US","og_type":"article","og_title":"Learn Spanish Online - Spanish World Singapore","og_description":"[vc_row][vc_column][vc_column_text] \u00a1Empieza a aprender espa\u00f1ol desde casa ahora! Estudia en la comodidad de tu oficina o de tu casa. Nuestros cursos de espa\u00f1ol en l\u00ednea conectan a nuestros profesores expertos con estudiantes de toda la regi\u00f3n, lo que permite el aprendizaje de idiomas cara a cara. La ense\u00f1anza en tiempo real permite hacer preguntas y [&hellip;]","og_url":"https:\/\/spanishworldgroup.com\/sg\/learn-spanish-online\/?lang=es","og_site_name":"Spanish World Singapore","article_modified_time":"2021-07-11T04:12:26+00:00","twitter_card":"summary_large_image","twitter_misc":{"Est. reading time":"1 minute"},"schema":{"@context":"https:\/\/schema.org","@graph":[{"@type":"WebPage","@id":"https:\/\/spanishworldgroup.com\/sg\/learn-spanish-online\/?lang=es","url":"https:\/\/spanishworldgroup.com\/sg\/learn-spanish-online\/?lang=es","name":"Learn Spanish Online - Spanish World Singapore","isPartOf":{"@id":"https:\/\/spanishworldgroup.com\/sg\/#website"},"datePublished":"2020-03-20T04:52:27+00:00","dateModified":"2021-07-11T04:12:26+00:00","breadcrumb":{"@id":"https:\/\/spanishworldgroup.com\/sg\/learn-spanish-online\/?lang=es#breadcrumb"},"inLanguage":"en-US","potentialAction":[{"@type":"ReadAction","target":["https:\/\/spanishworldgroup.com\/sg\/learn-spanish-online\/?lang=es"]}]},{"@type":"BreadcrumbList","@id":"https:\/\/spanishworldgroup.com\/sg\/learn-spanish-online\/?lang=es#breadcrumb","itemListElement":[{"@type":"ListItem","position":1,"name":"Home","item":"https:\/\/spanishworldgroup.com\/sg\/front-page-static-header-2-2\/"},{"@type":"ListItem","position":2,"name":"Learn Spanish Online"}]},{"@type":"WebSite","@id":"https:\/\/spanishworldgroup.com\/sg\/#website","url":"https:\/\/spanishworldgroup.com\/sg\/","name":"Spanish World Singapore","description":"Learn Spanish in Singapore | Courses and Private Lessons for All Levels","potentialAction":[{"@type":"SearchAction","target":{"@type":"EntryPoint","urlTemplate":"https:\/\/spanishworldgroup.com\/sg\/?s={search_term_string}"},"query-input":{"@type":"PropertyValueSpecification","valueRequired":true,"valueName":"search_term_string"}}],"inLanguage":"en-US"}]}},"_links":{"self":[{"href":"https:\/\/spanishworldgroup.com\/sg\/wp-json\/wp\/v2\/pages\/3940","targetHints":{"allow":["GET"]}}],"collection":[{"href":"https:\/\/spanishworldgroup.com\/sg\/wp-json\/wp\/v2\/pages"}],"about":[{"href":"https:\/\/spanishworldgroup.com\/sg\/wp-json\/wp\/v2\/types\/page"}],"author":[{"embeddable":true,"href":"https:\/\/spanishworldgroup.com\/sg\/wp-json\/wp\/v2\/users\/1"}],"replies":[{"embeddable":true,"href":"https:\/\/spanishworldgroup.com\/sg\/wp-json\/wp\/v2\/comments?post=3940"}],"version-history":[{"count":2,"href":"https:\/\/spanishworldgroup.com\/sg\/wp-json\/wp\/v2\/pages\/3940\/revisions"}],"predecessor-version":[{"id":3942,"href":"https:\/\/spanishworldgroup.com\/sg\/wp-json\/wp\/v2\/pages\/3940\/revisions\/3942"}],"wp:attachment":[{"href":"https:\/\/spanishworldgroup.com\/sg\/wp-json\/wp\/v2\/media?parent=3940"}],"curies":[{"name":"wp","href":"https:\/\/api.w.org\/{rel}","templated":true}]}}